{"id":4178,"date":"2014-09-25T16:47:38","date_gmt":"2014-09-25T13:47:38","guid":{"rendered":"http:\/\/surec.com\/?page_id=4178"},"modified":"2014-09-26T15:17:48","modified_gmt":"2014-09-26T12:17:48","slug":"is-sureclerinin-otomatik-analizi-nedir","status":"publish","type":"page","link":"https:\/\/surec.com\/?page_id=4178","title":{"rendered":"\u0130\u015f S\u00fcre\u00e7lerinin Otomatik Analizi nedir?"},"content":{"rendered":"<p><strong>\u0130\u015f S\u00fcre\u00e7lerinin Otomatik Analizi, ABPD (Automated Business Process Discovery) Tam olarak nedir?\u00a0 <\/strong><\/p>\n<p>\u0130\u015f S\u00fcre\u00e7lerinin Otomatik Analizi, \u201cAutomated Business Process Discovery\u201d (ABPD) s\u00fcre\u00e7 modelleme ve analiz ile ilgili tamamen yeni bir bak\u0131\u015f a\u00e7\u0131s\u0131d\u0131r. <img loading=\"lazy\" decoding=\"async\" class=\"alignright wp-image-4185\" src=\"http:\/\/surec.com\/wp-content\/uploads\/2014\/09\/stick_figure_working_on_database_1600_clr_8845-150x150.png\" alt=\"stick_figure_working_on_database_1600_clr_8845\" width=\"191\" height=\"191\" \/>Bu veridir. Kurulu\u015flar hemen hemen t\u00fcm faaliyetlerin lo\u011flar\u0131n\u0131n tutuldu\u011fu \u00e7e\u015fitli sistemlere sahiptirler<\/p>\n<p>ABPD i\u015f destek sistemlerinde tutulan bu mevcut verileri kullanarak s\u00fcre\u00e7leri g\u00f6rsel hale getirir.<\/p>\n<ul>\n<li>Verileri \u00f6rne\u011fin SAP, Salesforce, Oracle gibi sadece bir ka\u00e7\u0131n\u0131 sayd\u0131\u011f\u0131m\u0131z bir\u00e7ok farkl\u0131 sistemden toplan\u0131r ve birle\u015ftirilir,<\/li>\n<li>Veriler do\u011frulan\u0131r ve kaynak sistemden analiz yap\u0131lacak ortama al\u0131n\u0131r.<\/li>\n<li>Sadece bir t\u0131klama ile s\u00fcre\u00e7 ak\u0131\u015f \u015femas\u0131 ayr\u0131nt\u0131lar\u0131 ile analiz edilir.<\/li>\n<\/ul>\n<p>&nbsp;<\/p>\n<div class=\"separator\"><div class=\"separator-icon\" title=\"\"><span class=\"icon-bolt\" title=\"\"><\/span><\/div><\/div>\n<p><strong>ABPD ile neler yap\u0131labilir?<\/strong><\/p>\n<p><a href=\"http:\/\/surec.com\/wp-content\/uploads\/2014\/09\/tablo1.jpg\"><img loading=\"lazy\" decoding=\"async\" class=\"alignnone size-full wp-image-4200\" src=\"http:\/\/surec.com\/wp-content\/uploads\/2014\/09\/tablo1.jpg\" alt=\"tablo1\" width=\"714\" height=\"362\" srcset=\"https:\/\/surec.com\/wp-content\/uploads\/2014\/09\/tablo1.jpg 714w, https:\/\/surec.com\/wp-content\/uploads\/2014\/09\/tablo1-300x152.jpg 300w\" sizes=\"auto, (max-width: 714px) 100vw, 714px\" \/><\/a><\/p>\n<div class=\"separator\"><div class=\"separator-icon\" title=\"\"><span class=\"icon-bolt\" title=\"\"><\/span><\/div><\/div>\n<p><strong>Geleneksel D\u00fcnya ABPD Topland\u0131<\/strong><\/p>\n<p>S\u00fcre\u00e7ler geleneksel olarak g\u00f6r\u00fc\u015fme ve workshoplarla modellenir ve analiz edilir. Bu yakla\u015f\u0131m zaman ve kaynak t\u00fcketen ve s\u00fcbjektif bir pencereden s\u00fcre\u00e7lerin nas\u0131l oldu\u011funu kendi bak\u0131\u015f a\u00e7\u0131m\u0131zdan de\u011ferlendirdi\u011fimiz bir s\u00fcre\u00e7tir.<\/p>\n<p>\u0130\u015f S\u00fcre\u00e7lerinin Otomatik Analizi s\u00fcre\u00e7 iyile\u015ftirmeye \u015feffafl\u0131k getirir. Geleneksel y\u00f6nteme g\u00f6re zaman\u0131n \u00e7ok k\u0131sa bir b\u00f6l\u00fcm\u00fcnde fiili verileri baz alan enformasyon olu\u015fturur. Uygulanabilir bir sonu\u00e7 olu\u015fturabilir, karar vermeyi h\u0131zland\u0131r\u0131r.<\/p>\n<p>&nbsp;<\/p>\n","protected":false},"excerpt":{"rendered":"<p>\u0130\u015f S\u00fcre\u00e7lerinin Otomatik Analizi, ABPD (Automated Business Process Discovery) Tam olarak nedir?\u00a0 \u0130\u015f S\u00fcre\u00e7lerinin Otomatik Analizi, \u201cAutomated Business Process Discovery\u201d (ABPD) s\u00fcre\u00e7 modelleme ve analiz ile ilgili tamamen yeni bir bak\u0131\u015f a\u00e7\u0131s\u0131d\u0131r. Bu veridir. Kurulu\u015flar hemen hemen t\u00fcm faaliyetlerin lo\u011flar\u0131n\u0131n [&hellip;]<\/p>\n","protected":false},"author":1,"featured_media":0,"parent":0,"menu_order":0,"comment_status":"closed","ping_status":"closed","template":"","meta":{"jetpack_post_was_ever_published":false,"footnotes":""},"class_list":["post-4178","page","type-page","status-publish","hentry"],"jetpack_sharing_enabled":true,"jetpack_shortlink":"https:\/\/wp.me\/P4Bhh4-15o","jetpack-related-posts":[],"_links":{"self":[{"href":"https:\/\/surec.com\/index.php?rest_route=\/wp\/v2\/pages\/4178","targetHints":{"allow":["GET"]}}],"collection":[{"href":"https:\/\/surec.com\/index.php?rest_route=\/wp\/v2\/pages"}],"about":[{"href":"https:\/\/surec.com\/index.php?rest_route=\/wp\/v2\/types\/page"}],"author":[{"embeddable":true,"href":"https:\/\/surec.com\/index.php?rest_route=\/wp\/v2\/users\/1"}],"replies":[{"embeddable":true,"href":"https:\/\/surec.com\/index.php?rest_route=%2Fwp%2Fv2%2Fcomments&post=4178"}],"version-history":[{"count":11,"href":"https:\/\/surec.com\/index.php?rest_route=\/wp\/v2\/pages\/4178\/revisions"}],"predecessor-version":[{"id":4204,"href":"https:\/\/surec.com\/index.php?rest_route=\/wp\/v2\/pages\/4178\/revisions\/4204"}],"wp:attachment":[{"href":"https:\/\/surec.com\/index.php?rest_route=%2Fwp%2Fv2%2Fmedia&parent=4178"}],"curies":[{"name":"wp","href":"https:\/\/api.w.org\/{rel}","templated":true}]}}