{"id":4156,"date":"2014-09-25T14:26:07","date_gmt":"2014-09-25T11:26:07","guid":{"rendered":"http:\/\/surec.com\/?page_id=4156"},"modified":"2014-09-25T14:31:46","modified_gmt":"2014-09-25T11:31:46","slug":"qpr-metricsin-ozellikleri-nelerdir","status":"publish","type":"page","link":"https:\/\/surec.com\/?page_id=4156","title":{"rendered":"QPR Metrics&#8217;in \u00d6zellikleri Nelerdir?"},"content":{"rendered":"<p><strong>QPR Metrics&#8217;in \u00d6zellikleri Nelerdir?<a href=\"http:\/\/surec.com\/wp-content\/uploads\/2014\/09\/stick_figure_drawing_four_check_marks_500_wht.gif\"><img loading=\"lazy\" decoding=\"async\" class=\"alignright  wp-image-4158\" src=\"http:\/\/surec.com\/wp-content\/uploads\/2014\/09\/stick_figure_drawing_four_check_marks_500_wht.gif\" alt=\"stick_figure_drawing_four_check_marks_500_wht\" width=\"178\" height=\"297\" \/><\/a><\/strong><\/p>\n<p><strong>Kullan\u0131m Kolayl\u0131\u011f\u0131 <\/strong><\/p>\n<p>QPR Metrics farkl\u0131 co\u011frafi b\u00f6lgelerde bulunan s\u0131n\u0131rs\u0131z say\u0131da kullan\u0131c\u0131 taraf\u0131ndan ayn\u0131 anda kullan\u0131labilir. Bunun anlam\u0131 modeldeki de\u011fi\u015fikliklerin di\u011fer kullan\u0131c\u0131lar taraf\u0131ndan e\u015f zamanl\u0131 olarak g\u00f6r\u00fclebilmesidir.\u00a0 Kullan\u0131c\u0131 haklar\u0131 bireysel olarak tan\u0131mlanabilir ve ayarlanabilir.<\/p>\n<p><strong>Esnek Sistem<\/strong><\/p>\n<p>QPR Metrics ile \u015firket hiyerar\u015fisini, perspektifleri ve \u00f6l\u00e7meleri serbest olarak se\u00e7ebilirsiniz. Yaz\u0131l\u0131m t\u00fcm farkl\u0131 performans \u00f6l\u00e7me y\u00f6ntemleriyle kullan\u0131labilir. Farkl\u0131 i\u015f birimleri ve hatta farkl\u0131 \u015firketler aras\u0131nda k\u0131yaslama yap\u0131lmas\u0131na olanak tan\u0131r.<\/p>\n<p><strong>Web-Esasl\u0131<\/strong><\/p>\n<p>QPR Metrics tamamen web-esasl\u0131 yaz\u0131l\u0131m olup, web taray\u0131c\u0131 \u00fczerinden bilginin kullan\u0131m\u0131na izin verir, bu y\u00fczden t\u00fcm \u015firket boyutunda kullan\u0131labilir. Web taray\u0131c\u0131 veri giri\u015fi i\u00e7in kullan\u0131labildi\u011fi gibi modelin analizi i\u00e7in de kullan\u0131labilir.<\/p>\n<p><strong>Neden Sonu\u00e7 ili\u015fkilerinin Netle\u015fmesi<\/strong><\/p>\n<p>QPR Metrics \u015firket stratejileri ile bireysel \u00f6l\u00e7\u00fcmler aras\u0131ndaki ba\u011flant\u0131lar\u0131 g\u00f6r\u00fcn\u00fcr hale getirir. B\u00f6ylece farkl\u0131 hedefler aras\u0131ndaki ili\u015fkiler belirlenebilir ve i\u015f performans\u0131n\u0131n geli\u015ftirilmesi i\u00e7in derinlemesine inceleme olana\u011f\u0131 elde edilebilir.<\/p>\n<p><strong>Entegre \u00c7\u00f6z\u00fcm<\/strong><\/p>\n<p>QPR Metrics kurulu\u015funuzun Balanced Scorecard yap\u0131s\u0131 i\u00e7in gerekli verilerin dosyalar\u0131n\u0131zdan veya veritabanlar\u0131n\u0131zdan elde edilmesinde otomasyon olana\u011f\u0131 sunar. Mevcut veri ambar\u0131 verilerini kullanabilir ve\/veya QPR ProcessGuide ve di\u011fer QPR y\u00f6netim yaz\u0131l\u0131mlar\u0131 ile entegre edilebilir.<\/p>\n<p>&nbsp;<\/p>\n<p style=\"margin: 0cm; margin-bottom: .0001pt; line-height: 14.25pt;\"><span style=\"font-size: 10.0pt; font-family: 'Georgia','serif'; color: #333333;\"><a href=\"http:\/\/surec.com\/?page_id=4133\" target=\"_blank\">Kurumsal Performans Y\u00f6netimi i\u00e7in QPR Metrics<\/a><\/span><\/p>\n<p style=\"margin: 0cm; margin-bottom: .0001pt; line-height: 14.25pt;\"><span style=\"font-size: 10.0pt; font-family: 'Georgia','serif'; color: #333333;\"><a href=\"http:\/\/surec.com\/?page_id=4150\" target=\"_blank\">QPR Metrics Nedir?<\/a><\/span><\/p>\n<p style=\"margin: 0cm; margin-bottom: .0001pt; line-height: 14.25pt;\">\n","protected":false},"excerpt":{"rendered":"<p>QPR Metrics&#8217;in \u00d6zellikleri Nelerdir? Kullan\u0131m Kolayl\u0131\u011f\u0131 QPR Metrics farkl\u0131 co\u011frafi b\u00f6lgelerde bulunan s\u0131n\u0131rs\u0131z say\u0131da kullan\u0131c\u0131 taraf\u0131ndan ayn\u0131 anda kullan\u0131labilir. Bunun anlam\u0131 modeldeki de\u011fi\u015fikliklerin di\u011fer kullan\u0131c\u0131lar taraf\u0131ndan e\u015f zamanl\u0131 olarak g\u00f6r\u00fclebilmesidir.\u00a0 Kullan\u0131c\u0131 haklar\u0131 bireysel olarak tan\u0131mlanabilir ve ayarlanabilir. Esnek Sistem QPR [&hellip;]<\/p>\n","protected":false},"author":1,"featured_media":0,"parent":0,"menu_order":0,"comment_status":"closed","ping_status":"closed","template":"","meta":{"jetpack_post_was_ever_published":false,"footnotes":""},"class_list":["post-4156","page","type-page","status-publish","hentry"],"jetpack_sharing_enabled":true,"jetpack_shortlink":"https:\/\/wp.me\/P4Bhh4-152","jetpack-related-posts":[],"_links":{"self":[{"href":"https:\/\/surec.com\/index.php?rest_route=\/wp\/v2\/pages\/4156","targetHints":{"allow":["GET"]}}],"collection":[{"href":"https:\/\/surec.com\/index.php?rest_route=\/wp\/v2\/pages"}],"about":[{"href":"https:\/\/surec.com\/index.php?rest_route=\/wp\/v2\/types\/page"}],"author":[{"embeddable":true,"href":"https:\/\/surec.com\/index.php?rest_route=\/wp\/v2\/users\/1"}],"replies":[{"embeddable":true,"href":"https:\/\/surec.com\/index.php?rest_route=%2Fwp%2Fv2%2Fcomments&post=4156"}],"version-history":[{"count":2,"href":"https:\/\/surec.com\/index.php?rest_route=\/wp\/v2\/pages\/4156\/revisions"}],"predecessor-version":[{"id":4162,"href":"https:\/\/surec.com\/index.php?rest_route=\/wp\/v2\/pages\/4156\/revisions\/4162"}],"wp:attachment":[{"href":"https:\/\/surec.com\/index.php?rest_route=%2Fwp%2Fv2%2Fmedia&parent=4156"}],"curies":[{"name":"wp","href":"https:\/\/api.w.org\/{rel}","templated":true}]}}