{"id":4141,"date":"2014-09-25T00:41:08","date_gmt":"2014-09-24T21:41:08","guid":{"rendered":"http:\/\/surec.com\/?page_id=4141"},"modified":"2014-09-26T14:55:07","modified_gmt":"2014-09-26T11:55:07","slug":"qpr-processanalyzer","status":"publish","type":"page","link":"https:\/\/surec.com\/?page_id=4141","title":{"rendered":"S\u00fcre\u00e7 Analizi"},"content":{"rendered":"<p style=\"line-height: 14.25pt;\"><b><span style=\"font-size: 10.0pt; font-family: 'Georgia','serif'; color: #333333;\">ABPD (Otomatik \u0130\u015f S\u00fcre\u00e7leri Discovery Yaz\u0131l\u0131m\u0131 \/ \u0130\u015f S\u00fcre\u00e7lerinin Otomatik Analizi) Yaz\u0131l\u0131m\u0131 QPR ProcessAnalyzer<\/span><\/b><\/p>\n<p style=\"line-height: 14.25pt;\"><b><span style=\"font-size: 10.0pt; font-family: 'Georgia','serif'; color: #333333;\">Sizi s\u00fcre\u00e7lerinizle \u015fa\u015f\u0131rtal\u0131m\u2026\u00a0 <\/span><\/b><\/p>\n<p style=\"line-height: 14.25pt;\"><span style=\"font-size: 10.0pt; font-family: 'Georgia','serif'; color: #333333;\"><a href=\"http:\/\/surec.com\/wp-content\/uploads\/2014\/09\/pa.jpg\"><img loading=\"lazy\" decoding=\"async\" class=\"alignleft size-full wp-image-4171\" src=\"http:\/\/surec.com\/wp-content\/uploads\/2014\/09\/pa.jpg\" alt=\"Bununla birlikte,\" width=\"132\" height=\"106\" \/><\/a>QPR ProcessAnalyzer i\u015f s\u00fcre\u00e7lerinizin durumunun ger\u00e7ek verilerle ve \u00e7ok h\u0131zl\u0131 bir \u015fekilde ortaya \u00e7\u0131kar\u0131lmas\u0131n\u0131 sa\u011flayan bir ara\u00e7t\u0131r. ABPD (Automated Business Process Discovery \/ \u0130\u015f S\u00fcre\u00e7lerinin Otomatik olarak\u00a0 Ke\u015ffedilmesi) \u00f6zelli\u011fi ile S\u00fcre\u00e7lerinizin ve s\u00fcre\u00e7 ak\u0131\u015flar\u0131n\u0131z\u0131n \u00a0ger\u00e7ekte nas\u0131l \u00e7al\u0131\u015ft\u0131\u011f\u0131 hakk\u0131nda size h\u0131zl\u0131, do\u011fru ve \u00f6nemli veriler sa\u011flar.\u00a0 Bu verileri s\u00fcre\u00e7 iyile\u015ftirme \u00e7abalar\u0131nda problem kaynaklar\u0131n\u0131n ve iyile\u015ftirme alanlar\u0131n\u0131n belirlenmesinde kullanarak zaman ve maliyet tasarrufu sa\u011flayabilirsiniz.<\/span><\/p>\n<p style=\"line-height: 14.25pt;\"><span style=\"font-size: 10.0pt; font-family: 'Georgia','serif'; color: #333333;\">Operasyonel i\u015f sistemlerinde toplanan verilerin kullan\u0131larak, QPR ProcessAnalyzer taraf\u0131ndan analiz edilmesi, s\u00fcre\u00e7lerinizin ger\u00e7ekte nas\u0131l \u00e7al\u0131\u015ft\u0131\u011f\u0131n\u0131n farkl\u0131 a\u00e7\u0131lardan yorumlanmas\u0131n\u0131 sa\u011flar, hatta derinlemesine analizler yap\u0131larak tek tek her bir s\u00fcrecin ger\u00e7ekte nas\u0131l \u00e7al\u0131\u015ft\u0131\u011f\u0131n\u0131 de\u011ferlendirebilirsiniz. S\u00fcre\u00e7lerin durumlar\u0131n\u0131 belirlemek \u00fczere yap\u0131lan ve uzun zaman harcanmas\u0131n\u0131 gerektiren workshop anlay\u0131\u015f\u0131n\u0131 kullanmak yerine QPR ProcessAnalyzer ile s\u00fcre\u00e7lerin ke\u015ffedilmesi yakla\u015f\u0131m\u0131 daha h\u0131zl\u0131 ve verilere dayal\u0131 bir daha do\u011fru bir de\u011ferlendirme sa\u011flar. Birka\u00e7 t\u0131klama ile , i\u015f s\u00fcre\u00e7 modellerini \u00a0ve s\u00fcre\u00e7 ak\u0131\u015flar\u0131n\u0131 oldu\u011fu gibi (\u201cas-is\u201d) olarak ke\u015ffedebilir, performanslar\u0131 k\u0131yaslayarak s\u00fcre\u00e7 de\u011fi\u015fimlerinin nedenlerini belirleyebilirsiniz.<\/span><\/p>\n<p style=\"line-height: 14.25pt;\"><a href=\"http:\/\/surec.com\/?page_id=4178\" target=\"_blank\"><span style=\"font-size: 10.0pt; font-family: 'Georgia','serif'; color: #333333;\">\u0130\u015f s\u00fcre\u00e7lerinin otomatik analizi nedir?<\/span><\/a><\/p>\n<iframe loading=\"lazy\" src=\"\/\/player.vimeo.com\/video\/60234271\" width=\"300\" height=\"250\" frameborder=\"0\" webkitAllowFullScreen mozallowfullscreen allowFullScreen><\/iframe>\n","protected":false},"excerpt":{"rendered":"<p>ABPD (Otomatik \u0130\u015f S\u00fcre\u00e7leri Discovery Yaz\u0131l\u0131m\u0131 \/ \u0130\u015f S\u00fcre\u00e7lerinin Otomatik Analizi) Yaz\u0131l\u0131m\u0131 QPR ProcessAnalyzer Sizi s\u00fcre\u00e7lerinizle \u015fa\u015f\u0131rtal\u0131m\u2026\u00a0 QPR ProcessAnalyzer i\u015f s\u00fcre\u00e7lerinizin durumunun ger\u00e7ek verilerle ve \u00e7ok h\u0131zl\u0131 bir \u015fekilde ortaya \u00e7\u0131kar\u0131lmas\u0131n\u0131 sa\u011flayan bir ara\u00e7t\u0131r. ABPD (Automated Business Process Discovery \/ [&hellip;]<\/p>\n","protected":false},"author":1,"featured_media":0,"parent":0,"menu_order":0,"comment_status":"closed","ping_status":"closed","template":"","meta":{"jetpack_post_was_ever_published":false,"footnotes":""},"class_list":["post-4141","page","type-page","status-publish","hentry"],"jetpack_sharing_enabled":true,"jetpack_shortlink":"https:\/\/wp.me\/P4Bhh4-14N","jetpack-related-posts":[],"_links":{"self":[{"href":"https:\/\/surec.com\/index.php?rest_route=\/wp\/v2\/pages\/4141","targetHints":{"allow":["GET"]}}],"collection":[{"href":"https:\/\/surec.com\/index.php?rest_route=\/wp\/v2\/pages"}],"about":[{"href":"https:\/\/surec.com\/index.php?rest_route=\/wp\/v2\/types\/page"}],"author":[{"embeddable":true,"href":"https:\/\/surec.com\/index.php?rest_route=\/wp\/v2\/users\/1"}],"replies":[{"embeddable":true,"href":"https:\/\/surec.com\/index.php?rest_route=%2Fwp%2Fv2%2Fcomments&post=4141"}],"version-history":[{"count":17,"href":"https:\/\/surec.com\/index.php?rest_route=\/wp\/v2\/pages\/4141\/revisions"}],"predecessor-version":[{"id":4199,"href":"https:\/\/surec.com\/index.php?rest_route=\/wp\/v2\/pages\/4141\/revisions\/4199"}],"wp:attachment":[{"href":"https:\/\/surec.com\/index.php?rest_route=%2Fwp%2Fv2%2Fmedia&parent=4141"}],"curies":[{"name":"wp","href":"https:\/\/api.w.org\/{rel}","templated":true}]}}