{"id":4133,"date":"2014-09-24T23:13:15","date_gmt":"2014-09-24T20:13:15","guid":{"rendered":"http:\/\/surec.com\/?page_id=4133"},"modified":"2014-10-09T16:40:42","modified_gmt":"2014-10-09T13:40:42","slug":"qpr-metrics-ile-performans-olcumunu-standart-ve-otomatik-hale-getirin","status":"publish","type":"page","link":"https:\/\/surec.com\/?page_id=4133","title":{"rendered":"Kurumsal Performans Y\u00f6netimi"},"content":{"rendered":"<p><strong>QPR Metrics ile Performans \u00d6l\u00e7\u00fcm\u00fcn\u00fc standart ve otomatik hale getirin\u00a0<a href=\"http:\/\/surec.com\/wp-content\/uploads\/2014\/07\/leader_at_the_helm_anim_500_clr_7556.gif\"><img loading=\"lazy\" decoding=\"async\" class=\"alignright  wp-image-3239\" src=\"http:\/\/surec.com\/wp-content\/uploads\/2014\/07\/leader_at_the_helm_anim_500_clr_7556.gif\" alt=\"leader_at_the_helm_anim_500_clr_7556\" width=\"276\" height=\"276\" \/><\/a><\/strong><\/p>\n<p>Performans Y\u00f6netim Yaz\u0131l\u0131m\u0131 QPR Metrics, kurulu\u015funuza\u00a0 h\u0131zl\u0131, esnek ve web esasl\u0131 performans \u00e7\u00f6z\u00fcm\u00fc sa\u011flar. QPR Metrics bir\u00e7ok \u00f6l\u00e7me standard\u0131, metodoloji ve giri\u015fimleri destekleme kabiliyetine sahiptir. Yo\u011fun kaynak kullanan raporlama s\u00fcre\u00e7lerini etkin ger\u00e7ek zamanl\u0131 performans y\u00f6netimi programlar\u0131na \u00e7evirir.<\/p>\n<p>QPR Metrics, veri toplama, konsolide etme, sunma ve izleme \u00f6zellikleri ile g\u00fc\u00e7l\u00fc \u00e7evrim i\u00e7i ortak \u00e7al\u0131\u015fma olanaklar\u0131 sa\u011flar. Kullan\u0131c\u0131lar\u0131n sisteme verilerin yan\u0131 s\u0131ra ayn\u0131 zamanda a\u00e7\u0131klama ve de\u011ferlendirme gibi metinleri girebilmeleri \u00a0sayesinde y\u00f6neticilerin kararlar\u0131n\u0131 daha kolay verebilmeleri sa\u011flan\u0131r Y\u00f6neticiler, kararlar\u0131n\u0131 aksiyon ve g\u00f6rev olarak \u00e7al\u0131\u015fanlar\u0131na atayarak uygulamaya alabilirler ve izleyebilirler.<\/p>\n<p>D\u00fcnya genelinde 1500 den fazla kurulu\u015f, QPR Metrics\u2019i g\u00fcnl\u00fck olarak, \u00e7e\u015fitli ama\u00e7lar i\u00e7in kullanmaktad\u0131rlar. Stratejinin uygulanmas\u0131n\u0131n geli\u015ftirilmesinden, performans\u0131n izlenmesine, kalitenin sa\u011flanmas\u0131n\u0131, risklerin y\u00f6netilmesine ve mevzuat yeterlili\u011fi i\u00e7in projelerin y\u00f6netilmesi. T\u00fcm bunlar y\u00f6neticiye performansla ilgili veri toplama, konsolidasyon ve raporlamada \u00f6nemli miktarda zaman ve \u00e7aba tasarrufu sa\u011flar.<\/p>\n<p><strong>Hedeflerinize Ula\u015f\u0131n: QPR Metrics Se\u00e7in<\/strong><\/p>\n<ul>\n<li>Hedeflerinizin a\u00e7\u0131k ve net olarak ileti\u015fimini sa\u011flay\u0131n.<\/li>\n<li>Raporlar\u0131n\u0131z\u0131n otomatik olarak olu\u015fturulmas\u0131n\u0131 ve da\u011f\u0131t\u0131m\u0131n\u0131 sa\u011flay\u0131n.<\/li>\n<li>Karar verme ile ilgili enformasyonunuzun format\u0131n\u0131 standart hale getiren.<\/li>\n<li>Problem ve f\u0131rsatlar konusunda uyar\u0131lar al\u0131n.<\/li>\n<li>Enformasyonlar\u0131 analiz edin ve bulgular\u0131n\u0131z\u0131 arkada\u015flar\u0131n\u0131z ile payla\u015f\u0131n.<\/li>\n<li>Problemlerinizi g\u00fc\u00e7l\u00fc \u00e7evrim i\u00e7i birlikte \u00e7al\u0131\u015fma deste\u011fi ile \u00e7\u00f6z\u00fcn.<\/li>\n<li>26 dil ve lokal destek mevcuttur.<\/li>\n<\/ul>\n<p style=\"margin: 0cm; margin-bottom: .0001pt; line-height: 14.25pt;\">\n<p style=\"margin: 0cm; margin-bottom: .0001pt; line-height: 14.25pt;\">\n<p style=\"margin: 0cm; margin-bottom: .0001pt; line-height: 14.25pt;\"><span style=\"font-size: 10.0pt; font-family: 'Georgia','serif'; color: #333333;\"><a href=\"http:\/\/surec.com\/?page_id=4150\" target=\"_blank\">QPR Metrics Nedir?<\/a><\/span><\/p>\n<p style=\"margin: 0cm; margin-bottom: .0001pt; line-height: 14.25pt;\"><span style=\"font-size: 10.0pt; font-family: 'Georgia','serif'; color: #333333;\"><a href=\"http:\/\/surec.com\/?page_id=4156\" target=\"_blank\">QPR Metrics&#8217;in \u00d6zellikleri Nelerdir?<\/a><\/span><\/p>\n<p style=\"margin: 0cm; margin-bottom: .0001pt; line-height: 14.25pt;\">\n","protected":false},"excerpt":{"rendered":"<p>QPR Metrics ile Performans \u00d6l\u00e7\u00fcm\u00fcn\u00fc standart ve otomatik hale getirin\u00a0 Performans Y\u00f6netim Yaz\u0131l\u0131m\u0131 QPR Metrics, kurulu\u015funuza\u00a0 h\u0131zl\u0131, esnek ve web esasl\u0131 performans \u00e7\u00f6z\u00fcm\u00fc sa\u011flar. QPR Metrics bir\u00e7ok \u00f6l\u00e7me standard\u0131, metodoloji ve giri\u015fimleri destekleme kabiliyetine sahiptir. Yo\u011fun kaynak kullanan raporlama s\u00fcre\u00e7lerini [&hellip;]<\/p>\n","protected":false},"author":1,"featured_media":0,"parent":0,"menu_order":0,"comment_status":"closed","ping_status":"closed","template":"","meta":{"jetpack_post_was_ever_published":false,"footnotes":""},"class_list":["post-4133","page","type-page","status-publish","hentry"],"jetpack_sharing_enabled":true,"jetpack_shortlink":"https:\/\/wp.me\/P4Bhh4-14F","jetpack-related-posts":[],"_links":{"self":[{"href":"https:\/\/surec.com\/index.php?rest_route=\/wp\/v2\/pages\/4133","targetHints":{"allow":["GET"]}}],"collection":[{"href":"https:\/\/surec.com\/index.php?rest_route=\/wp\/v2\/pages"}],"about":[{"href":"https:\/\/surec.com\/index.php?rest_route=\/wp\/v2\/types\/page"}],"author":[{"embeddable":true,"href":"https:\/\/surec.com\/index.php?rest_route=\/wp\/v2\/users\/1"}],"replies":[{"embeddable":true,"href":"https:\/\/surec.com\/index.php?rest_route=%2Fwp%2Fv2%2Fcomments&post=4133"}],"version-history":[{"count":11,"href":"https:\/\/surec.com\/index.php?rest_route=\/wp\/v2\/pages\/4133\/revisions"}],"predecessor-version":[{"id":4206,"href":"https:\/\/surec.com\/index.php?rest_route=\/wp\/v2\/pages\/4133\/revisions\/4206"}],"wp:attachment":[{"href":"https:\/\/surec.com\/index.php?rest_route=%2Fwp%2Fv2%2Fmedia&parent=4133"}],"curies":[{"name":"wp","href":"https:\/\/api.w.org\/{rel}","templated":true}]}}