{"id":4108,"date":"2014-09-22T13:55:54","date_gmt":"2014-09-22T10:55:54","guid":{"rendered":"http:\/\/surec.com\/?page_id=4108"},"modified":"2014-09-24T22:31:38","modified_gmt":"2014-09-24T19:31:38","slug":"qpr-processdesigner-yararlari-nelerdir","status":"publish","type":"page","link":"https:\/\/surec.com\/?page_id=4108","title":{"rendered":"QPR ProcessDesigner Yararlar\u0131 Nelerdir?"},"content":{"rendered":"<p><strong>S\u00fcre\u00e7 Y\u00f6netim Yaz\u0131l\u0131m\u0131 QPR ProcessDesigner Yararlar\u0131\u00a0<a href=\"http:\/\/surec.com\/wp-content\/uploads\/2014\/08\/lean_manufacturing_tape_measure_1600_clr_3952.png\"><img loading=\"lazy\" decoding=\"async\" class=\"alignright  wp-image-3165\" src=\"http:\/\/surec.com\/wp-content\/uploads\/2014\/08\/lean_manufacturing_tape_measure_1600_clr_3952.png\" alt=\"lean_manufacturing_tape_measure_1600_clr_3952\" width=\"313\" height=\"387\" \/><\/a><\/strong><\/p>\n<p><strong>H\u0131zl\u0131 ve etkin sistem olu\u015fturma<\/strong><\/p>\n<ul>\n<li>Sistemin k\u0131sa s\u00fcrede olu\u015fturulmas\u0131<\/li>\n<li>Mevcut dok\u00fcmanlar\u0131n kolayca ilavesi<\/li>\n<li>Entegre Sistemlerin olu\u015fturulabilmesi<\/li>\n<li>Y\u00f6netim Sisteminin T\u00fcm Unsurlar\u0131n\u0131n Kapsanmas\u0131<\/li>\n<li>Unsurlar aras\u0131 ili\u015fkilerin kurulabilmesi<\/li>\n<li>De\u011fi\u015fikliklerin \u00e7abuk ve kolay yap\u0131lmas\u0131<\/li>\n<\/ul>\n<p><strong>Sistemle ilgili bilgilerin an\u0131nda payla\u015f\u0131m\u0131<\/strong><\/p>\n<ul>\n<li>Sistemi Olu\u015fturma, Kullanma ve Revizyon a\u015famalar\u0131nda t\u00fcm<\/li>\n<li>Bilgileri \u00e7al\u0131\u015fanlarla an\u0131nda payla\u015fma<\/li>\n<li>Geri bildirim y\u00f6netimi<\/li>\n<li>T\u00fcm bilgi ve dok\u00fcmanlar\u0131n g\u00fcncel olmas\u0131<\/li>\n<li>T\u00fcm dok\u00fcman ve s\u00fcre\u00e7lere h\u0131zl\u0131 ula\u015f\u0131m<\/li>\n<\/ul>\n<p><strong>\u00a0<\/strong><strong>\u00c7al\u0131\u015fanlar\u0131n sistemi benimsemesi<\/strong><\/p>\n<ul>\n<li>G\u00f6rsel unsurlar nedeniyle sistemin kolay alg\u0131lanmas\u0131<\/li>\n<li>\u00c7al\u0131\u015fanlar\u0131n ne yapacaklar\u0131n\u0131 net olarak bilmeleri<\/li>\n<li>\u00c7al\u0131\u015fanlar\u0131n sistemi benimsemesi<\/li>\n<li>\u00c7al\u0131\u015fanlar\u0131n sistemin geli\u015fmesine katk\u0131lar\u0131<\/li>\n<li>\u00c7al\u0131\u015fanlar\u0131n geri bildirimde bulunabilmeleri<\/li>\n<li>Sistemi sahiplenebilmeleri<\/li>\n<\/ul>\n<p><strong>\u00a0<\/strong><strong>Kullan\u0131m Kolayl\u0131\u011f\u0131<\/strong><\/p>\n<ul>\n<li>2 saatlik e\u011fitimden sonra kullan\u0131ma ba\u015flama<\/li>\n<li>Kolay model olu\u015fturma<\/li>\n<li>Grafiksel unsurlar<\/li>\n<li>Sadece Model y\u00f6neticisinin de\u011fi\u015fiklik yapabilmesi<\/li>\n<li>T\u00fcm unsur ve dok\u00fcmanlar\u0131n s\u00fcrekli olarak g\u00fcncel olmas\u0131<\/li>\n<li>Ertesi g\u00fcnden itibaren kullanmaya ba\u015flama<\/li>\n<\/ul>\n<p><strong>\u00a0<\/strong><strong>Maliyet tasarrufu<\/strong><\/p>\n<ul>\n<li>Sistemi olu\u015fturmak ve s\u00fcrd\u00fcrmek i\u00e7in daha az zaman ve insan kayna\u011f\u0131 gerektirmesi.<\/li>\n<li>Dok\u00fcman da\u011f\u0131t\u0131m ve geri toplama gerektirmemesi.<\/li>\n<li>Fotokopi giderlerinde \u00f6nemli azalma<\/li>\n<li>\u00c7al\u0131\u015fanlar\u0131n dok\u00fcmanlar yerine s\u00fcre\u00e7 iyile\u015ftirmeye odaklanmas\u0131<\/li>\n<\/ul>\n<p>&nbsp;<\/p>\n<p style=\"margin-bottom: .0001pt;\"><span style=\"font-size: 10.0pt; font-family: 'Georgia','serif'; color: #333333;\"><a href=\"http:\/\/surec.com\/?page_id=4017\" target=\"_blank\">QPR Process Designer Nedir?<\/a><\/span><\/p>\n<p style=\"margin: 0cm; margin-bottom: .0001pt;\"><span style=\"font-size: 10.0pt; font-family: 'Georgia','serif'; color: #333333;\"><a href=\"http:\/\/surec.com\/?page_id=4025\" target=\"_blank\">QPR Process Designer Nas\u0131l \u00c7al\u0131\u015f\u0131r?\u00a0<\/a><\/span><\/p>\n<p style=\"margin: 0cm; margin-bottom: .0001pt;\"><span style=\"font-size: 10.0pt; font-family: 'Georgia','serif'; color: #333333;\"><a href=\"http:\/\/surec.com\/?page_id=4039\" target=\"_blank\">QPR Process Designer&#8217;\u0131n \u00d6zellikleri Nelerdir?<\/a><\/span><\/p>\n<p style=\"margin: 0cm; margin-bottom: .0001pt; orphans: auto; text-align: start; widows: auto; -webkit-text-stroke-width: 0px; word-spacing: 0px;\">\n","protected":false},"excerpt":{"rendered":"<p>S\u00fcre\u00e7 Y\u00f6netim Yaz\u0131l\u0131m\u0131 QPR ProcessDesigner Yararlar\u0131\u00a0 H\u0131zl\u0131 ve etkin sistem olu\u015fturma Sistemin k\u0131sa s\u00fcrede olu\u015fturulmas\u0131 Mevcut dok\u00fcmanlar\u0131n kolayca ilavesi Entegre Sistemlerin olu\u015fturulabilmesi Y\u00f6netim Sisteminin T\u00fcm Unsurlar\u0131n\u0131n Kapsanmas\u0131 Unsurlar aras\u0131 ili\u015fkilerin kurulabilmesi De\u011fi\u015fikliklerin \u00e7abuk ve kolay yap\u0131lmas\u0131 Sistemle ilgili bilgilerin an\u0131nda [&hellip;]<\/p>\n","protected":false},"author":1,"featured_media":0,"parent":0,"menu_order":0,"comment_status":"closed","ping_status":"closed","template":"","meta":{"footnotes":""},"class_list":["post-4108","page","type-page","status-publish","hentry"],"jetpack_sharing_enabled":true,"jetpack_shortlink":"https:\/\/wp.me\/P4Bhh4-14g","jetpack-related-posts":[],"_links":{"self":[{"href":"https:\/\/surec.com\/index.php?rest_route=\/wp\/v2\/pages\/4108","targetHints":{"allow":["GET"]}}],"collection":[{"href":"https:\/\/surec.com\/index.php?rest_route=\/wp\/v2\/pages"}],"about":[{"href":"https:\/\/surec.com\/index.php?rest_route=\/wp\/v2\/types\/page"}],"author":[{"embeddable":true,"href":"https:\/\/surec.com\/index.php?rest_route=\/wp\/v2\/users\/1"}],"replies":[{"embeddable":true,"href":"https:\/\/surec.com\/index.php?rest_route=%2Fwp%2Fv2%2Fcomments&post=4108"}],"version-history":[{"count":6,"href":"https:\/\/surec.com\/index.php?rest_route=\/wp\/v2\/pages\/4108\/revisions"}],"predecessor-version":[{"id":4132,"href":"https:\/\/surec.com\/index.php?rest_route=\/wp\/v2\/pages\/4108\/revisions\/4132"}],"wp:attachment":[{"href":"https:\/\/surec.com\/index.php?rest_route=%2Fwp%2Fv2%2Fmedia&parent=4108"}],"curies":[{"name":"wp","href":"https:\/\/api.w.org\/{rel}","templated":true}]}}