{"id":4025,"date":"2014-08-20T14:09:04","date_gmt":"2014-08-20T11:09:04","guid":{"rendered":"http:\/\/surec.com\/?page_id=4025"},"modified":"2014-09-24T22:27:31","modified_gmt":"2014-09-24T19:27:31","slug":"qpr-process-designer-nasil-calisir","status":"publish","type":"page","link":"https:\/\/surec.com\/?page_id=4025","title":{"rendered":"QPR Process Designer Nas\u0131l \u00c7al\u0131\u015f\u0131r?"},"content":{"rendered":"<p><strong>QPR Process Designer Nas\u0131l \u00c7al\u0131\u015f\u0131r? <\/strong><\/p>\n<p>QPR Process Designer dinamik \u00e7\u00f6z\u00fcm\u00fcnde \u00fc\u00e7 temel unsur vard\u0131r. Bunlar:<\/p>\n<ol>\n<li>QPR Process Designer,<\/li>\n<li>QPR Process Designer Server ve<\/li>\n<li>Kullan\u0131c\u0131 (Web Portal) d\u0131r.<\/li>\n<\/ol>\n<p><a href=\"http:\/\/surec.com\/wp-content\/uploads\/2014\/08\/M1.png\"><img loading=\"lazy\" decoding=\"async\" class=\"alignnone size-full wp-image-4027\" src=\"http:\/\/surec.com\/wp-content\/uploads\/2014\/08\/M1.png\" alt=\"M1\" width=\"585\" height=\"199\" srcset=\"https:\/\/surec.com\/wp-content\/uploads\/2014\/08\/M1.png 585w, https:\/\/surec.com\/wp-content\/uploads\/2014\/08\/M1-300x102.png 300w\" sizes=\"auto, (max-width: 585px) 100vw, 585px\" \/><\/a><\/p>\n<p>&nbsp;<\/p>\n<p><strong>\u0130\u015f (y\u00f6netim) modeli olu\u015fturmak<\/strong><\/p>\n<p><strong>QPR Process Designer program\u0131<\/strong>, y\u00f6netim sistemi ve modeli olu\u015fturacak ki\u015fi\/ki\u015filerin bilgisayar\u0131na kurulur. Normal olarak bu program\u0131n kullan\u0131m e\u011fitimi normal bir bilgisayar kullan\u0131c\u0131s\u0131 i\u00e7in ortalama 3 saat civar\u0131ndad\u0131r. \u0130lave yaz\u0131l\u0131m bilgisi gerektirmez.<\/p>\n<p>QPR Process Designer ile y\u00f6netim sistemi modeli olu\u015fturulur. Bu model olu\u015fturulurken do\u011fal olarak bir y\u00f6netim sisteminde yer almas\u0131 gereken her \u015fey model i\u00e7ine konabilir. Sadece s\u00fcre\u00e7 y\u00f6netimi de\u011fil, sonu\u00e7 olarak t\u00fcm y\u00f6netim sistemi burada tan\u0131mlanm\u0131\u015f olur. Yani siz PD i\u00e7ine kurulu\u015funuzdaki b\u00fct\u00fcn ana unsurlar\u0131 d\u00e2hil edebilirsiniz.<\/p>\n<p>Bir ba\u015fka deyi\u015fle organizasyon \u015feman\u0131z, g\u00f6rev yetki ve sorumluluklar\u0131n\u0131z, s\u00fcre\u00e7leriniz, s\u00fcre\u00e7 ili\u015fkileriniz, organizasyonda yer alan ki\u015filer, kulland\u0131\u011f\u0131n\u0131z t\u00fcm dok\u00fcmantasyon bir arada bulunabilmekte ve sizin kurulu\u015funuzda yer alan unsurlar\u0131n birbiri ile ili\u015fkisi de otomatik olarak PG taraf\u0131ndan y\u00f6netilmektedir. B\u00f6ylece herhangi bir s\u00fcre\u00e7 ad\u0131m\u0131n\u0131n, bir g\u00f6revin hangi s\u00fcrecin par\u00e7as\u0131 oldu\u011funu bilirsiniz. Bu g\u00f6revi organizasyondaki hangi birimin yapaca\u011f\u0131n\u0131 bilirsiniz, bu g\u00f6revi yaparken kullan\u0131lacak dok\u00fcmanlar\u0131 bilirsiniz, sorumlular\u0131 bilirsiniz ve bu s\u00fcre\u00e7le ilgili performans parametrelerini koyman\u0131z ve daha sonra \u00f6l\u00e7\u00fcm sonu\u00e7lar\u0131n\u0131 da buraya girmeniz m\u00fcmk\u00fcnd\u00fcr. Designer da yer alan t\u00fcm dok\u00fcmantasyon, organizasyon \u015femas\u0131, s\u00fcre\u00e7ler ve ili\u015fkileri g\u00fcnceldir. Kullan\u0131c\u0131lar\u0131n g\u00fcncel olmayan bir bilgiye ula\u015fmalar\u0131 m\u00fcmk\u00fcn de\u011fildir.<\/p>\n<p>Designeri kullanma yetkisi olmayan ba\u015fka hi\u00e7bir kullan\u0131c\u0131 sistemle ilgili herhangi bir de\u011fi\u015fikli\u011fi teknik olarak yapamaz. Bu da sistemin g\u00fcvenilir ve g\u00fcncel kalmas\u0131n\u0131 sa\u011flar.<\/p>\n<p><strong>De\u011fi\u015fikliklerin yap\u0131lmas\u0131<\/strong><\/p>\n<p>QPR PG\u00a0 sihirli ya da ak\u0131ll\u0131 alanlara sahiptir. Bu ak\u0131ll\u0131 alanlar sayesinde t\u00fcm bir faaliyet ad\u0131m\u0131n\u0131 yazarak o alana s\u00fcr\u00fckledi\u011finizde faaliyet ad\u0131m\u0131 o alandaki organizasyon sorumlusunun g\u00f6rev tan\u0131mlar\u0131 i\u00e7ine girer yani g\u00f6rev tan\u0131mlar\u0131, oturulup masa ba\u015f\u0131nda d\u00fc\u015f\u00fcn\u00fclerek de\u011fil kurulu\u015fun i\u00e7indeki s\u00fcre\u00e7 ad\u0131mlar\u0131n\u0131n (bir ba\u015fka deyi\u015fle \u015firket i\u00e7inde yap\u0131lan i\u015flerin ve g\u00f6revlerin) otomatik olarak toplanmas\u0131 ile elde edilir. Bu ak\u0131ll\u0131 alanlar ve verilerin veri taban\u0131nda yer almas\u0131 ve y\u00f6netimlerindeki kolayl\u0131ktan dolay\u0131 QPR Process Designer i\u00e7inde de\u011fi\u015fiklikleri yapmak son derece kolayd\u0131r. G\u00fcnler s\u00fcrecek de\u011fi\u015fiklikler dakikalar i\u00e7inde yap\u0131labilmektedir. Bu nedenle s\u00fcre\u00e7lerin ilk tan\u0131mland\u0131\u011f\u0131 zamanlar\u0131n d\u0131\u015f\u0131nda normal olarak Designer kullan\u0131m\u0131 i\u00e7in ayr\u0131ca bir \u00e7al\u0131\u015fan tahsis edilmemektedir. Yap\u0131lan de\u011fi\u015fiklikler, ilgili ili\u015fkileri de\u011fi\u015ftirdi\u011finden her \u015fey g\u00fcncelli\u011fini s\u00fcrd\u00fcrebilmektedir.<\/p>\n<p><a href=\"http:\/\/surec.com\/wp-content\/uploads\/2014\/08\/M2.png\"><img loading=\"lazy\" decoding=\"async\" class=\"alignnone size-full wp-image-4028\" src=\"http:\/\/surec.com\/wp-content\/uploads\/2014\/08\/M2.png\" alt=\"M2\" width=\"616\" height=\"447\" srcset=\"https:\/\/surec.com\/wp-content\/uploads\/2014\/08\/M2.png 616w, https:\/\/surec.com\/wp-content\/uploads\/2014\/08\/M2-300x217.png 300w\" sizes=\"auto, (max-width: 616px) 100vw, 616px\" \/><\/a><\/p>\n<p>&nbsp;<\/p>\n<p><strong>Sistem ve S\u00fcre\u00e7 ile ilgili bilgilerin Payla\u015f\u0131lmas\u0131<\/strong><\/p>\n<p><strong>QPR Process Designer Server:<\/strong> Bu Server kurulu\u015fun a\u011f\u0131ndaki uygun bir bilgisayara kurulan bir yaz\u0131l\u0131md\u0131r.\u00a0 Bu yaz\u0131l\u0131mla ilgili ayarlar i\u00e7in 1 saatlik e\u011fitim yeterlidir. QPR Process Designer do\u011frudan bu bilgisayara ba\u011fl\u0131d\u0131r. (\u0130kisi ayn\u0131 bilgisayar \u00fczerinde de olabilir) Haz\u0131rlanan y\u00f6netimi sistemi modeli ile ilgili t\u00fcm bilgiler buradaki bir veri taban\u0131 \u00fczerinde bulundurulur. Bu server \u00fczerinde yer alan bir UMS User Management Server \u00fczerinde kullan\u0131c\u0131lar\u0131n bilgi ve \u015fifreleri burada saklan\u0131r. Server \u00fczerinde ayr\u0131ca var olan bir Web Application sunucusu yard\u0131m\u0131yla A\u011f \u00fczerinde modelin kullan\u0131c\u0131lara iletilmesini ve kullan\u0131c\u0131lar\u0131n birbirleriyle ileti\u015fimini sa\u011flayan ki\u015fisel Portallar olu\u015fturulur.<\/p>\n<p>S\u00fcre\u00e7 ve bilgilerin payla\u015f\u0131m\u0131nda yetki sahibi, Designer kullan\u0131c\u0131s\u0131d\u0131r. Designer, UMS Kullan\u0131c\u0131 y\u00f6netimi yard\u0131m\u0131yla kullan\u0131c\u0131lar\u0131n baz\u0131 s\u00fcre\u00e7lere ula\u015f\u0131m\u0131n\u0131 engelleyebilir.<\/p>\n<p><strong>Sistem ve s\u00fcre\u00e7le ilgili bilgilerin kullan\u0131lmas\u0131<\/strong><\/p>\n<p><strong>Kullan\u0131c\u0131:<\/strong> Normal olarak bilgisayar kullanabilen bir kullan\u0131c\u0131 i\u00e7in 1 saatlik e\u011fitim yeterli olmaktad\u0131r. A\u011f \u00fczerinde yer alan herhangi bir bilgisayar\u0131 kullanabilen ki\u015filer kullan\u0131c\u0131 ad\u0131 ve adreslerini kullanarak bilgisayardan QPR Portal\u0131 a\u00e7abilirler. Portallar ki\u015filerin \u00e7ok s\u0131k kulland\u0131klar\u0131 unsurlar\u0131, k\u0131sayol tu\u015flar\u0131n\u0131, dil se\u00e7eneklerini, \u015fifrelerini de\u011fi\u015ftirebildikleri \u00f6zelle\u015febilen ileti\u015fim ekranlar\u0131d\u0131r. Bu ekranlarda Designerde olu\u015fturulan her t\u00fcrl\u00fc bilgiye ula\u015f\u0131labilir. Bunlar organizasyon yap\u0131s\u0131, s\u00fcre\u00e7ler, s\u00fcre\u00e7 haritalar\u0131, s\u00fcre\u00e7 ad\u0131mlar\u0131, dok\u00fcmanlar, s\u00fcre\u00e7 aralar\u0131nda dola\u015f\u0131m\u0131 sa\u011flayan s\u00fcre\u00e7ler aras\u0131 ili\u015fkiler, g\u00f6rev tan\u0131mlar\u0131 ve ki\u015filer gibi unsurlard\u0131r.<\/p>\n<p><a href=\"http:\/\/surec.com\/wp-content\/uploads\/2014\/08\/M3.png\"><img loading=\"lazy\" decoding=\"async\" class=\"alignnone size-full wp-image-4029\" src=\"http:\/\/surec.com\/wp-content\/uploads\/2014\/08\/M3.png\" alt=\"M3\" width=\"604\" height=\"418\" srcset=\"https:\/\/surec.com\/wp-content\/uploads\/2014\/08\/M3.png 604w, https:\/\/surec.com\/wp-content\/uploads\/2014\/08\/M3-300x207.png 300w\" sizes=\"auto, (max-width: 604px) 100vw, 604px\" \/><\/a><\/p>\n<p>&nbsp;<\/p>\n<p>Kullan\u0131c\u0131lar her bir y\u00f6netim unsuru i\u00e7in geri bildirimde bulunabilir, g\u00f6r\u00fc\u015f bildirebilir, aksiyon a\u00e7abilir, d\u00fczeltici faaliyet ba\u015flatabilir, risk tan\u0131mlayabilir ve t\u00fcm bunlar\u0131 yaparken dok\u00fcman payla\u015f\u0131m\u0131n\u0131 da ger\u00e7ekle\u015ftirebilirler.<\/p>\n<p>Yeni bir ki\u015fi i\u015fe ba\u015flad\u0131\u011f\u0131nda e\u011fer daha \u00f6nce tan\u0131mlanm\u0131\u015f bir organizasyon birimine ba\u015flad\u0131ysa ki\u015finin ismini o departman\u0131n alan\u0131na yazarak o ki\u015finin kurum i\u00e7inde yapaca\u011f\u0131 t\u00fcm s\u00fcre\u00e7ler, dok\u00fcmanlar ve gereken bilgiler tan\u0131mlanm\u0131\u015f olacakt\u0131r. Portal \u00fczerindeki modelde gezinerek yapaca\u011f\u0131 i\u015fin t\u00fcm ayr\u0131nt\u0131lar\u0131n\u0131 \u00e7ok kolayl\u0131kla \u00f6\u011frenmi\u015f olacakt\u0131r.<\/p>\n<p>QPR Process Designer yard\u0131m\u0131yla ISO 9001:2000, ISO 14001 ve benzeri\u00a0 standartlar\u0131n gerektirdi\u011fi entegre yap\u0131y\u0131 kolayl\u0131kla olu\u015fturmak ve t\u00fcm dok\u00fcmanlarla ili\u015fkisini kurmak m\u00fcmk\u00fcnd\u00fcr.<\/p>\n<p>QPR Process Designer\u00a0 sayesinde dok\u00fcmanlarla bo\u011fu\u015fmak yerine i\u015flere ve s\u00fcre\u00e7lere daha fazla odaklanmak m\u00fcmk\u00fcn olmaktad\u0131r.<\/p>\n<p>K\u0131sacas\u0131, QPR Process Designer ile tan\u0131mlanan y\u00f6netim bi\u00e7imi, portal yard\u0131m\u0131yla t\u00fcm kullan\u0131c\u0131lara aktar\u0131lmakta, de\u011fi\u015fiklikler \u00e7ok kolayl\u0131kla yap\u0131lmakta, farkl\u0131 \u015fehir ve \u00fclkede olsalar dahi t\u00fcm kullan\u0131c\u0131lara an\u0131nda iletilmekte, herkes g\u00fcncel bilgi ve dok\u00fcmanlarla \u00e7al\u0131\u015fma olana\u011f\u0131na kavu\u015fmaktad\u0131r. QPR Process Designer ayn\u0131 zamanda etkin bir ileti\u015fim, \u00f6\u011frenme ve bilgileri payla\u015fma arac\u0131d\u0131r.<\/p>\n<p>QPR Process Designer,\u00a0 ayn\u0131 zamanda kurumsal performans y\u00f6netimi yaz\u0131l\u0131m\u0131 QPR ScoreCard ve Collaborative Y\u00f6netim uygulamas\u0131 olan QPR Portal ile hem ayr\u0131 ayr\u0131 kullan\u0131labilen hem de birbirini tamamlayan entegre bir yap\u0131n\u0131n bir mod\u00fcl\u00fcd\u00fcr.<\/p>\n<p style=\"margin-bottom: .0001pt;\"><span style=\"font-size: 10.0pt; font-family: 'Georgia','serif'; color: #333333;\"><a href=\"http:\/\/surec.com\/?page_id=4017\" target=\"_blank\">QPR Process Designer Nedir?<\/a><\/span><\/p>\n<p style=\"margin: 0cm; margin-bottom: .0001pt;\"><span style=\"font-size: 10.0pt; font-family: 'Georgia','serif'; color: #333333;\"><a href=\"http:\/\/surec.com\/?page_id=4039\" target=\"_blank\">QPR Process Designer&#8217;\u0131n \u00d6zellikleri Nelerdir?<\/a><\/span><\/p>\n<p style=\"margin: 0cm; margin-bottom: .0001pt; orphans: auto; text-align: start; widows: auto; -webkit-text-stroke-width: 0px; word-spacing: 0px;\"><span style=\"font-size: 10.0pt; font-family: 'Georgia','serif'; color: #333333;\"><a href=\"http:\/\/surec.com\/?page_id=4108\" target=\"_blank\">QPR ProcessDesigner Yararlar\u0131 Nelerdir?\u00a0<\/a><\/span><\/p>\n<p style=\"margin: 0cm; margin-bottom: .0001pt; orphans: auto; text-align: start; widows: auto; -webkit-text-stroke-width: 0px; word-spacing: 0px;\">\n","protected":false},"excerpt":{"rendered":"<p>QPR Process Designer Nas\u0131l \u00c7al\u0131\u015f\u0131r? QPR Process Designer dinamik \u00e7\u00f6z\u00fcm\u00fcnde \u00fc\u00e7 temel unsur vard\u0131r. Bunlar: QPR Process Designer, QPR Process Designer Server ve Kullan\u0131c\u0131 (Web Portal) d\u0131r. &nbsp; \u0130\u015f (y\u00f6netim) modeli olu\u015fturmak QPR Process Designer program\u0131, y\u00f6netim sistemi ve modeli [&hellip;]<\/p>\n","protected":false},"author":1,"featured_media":0,"parent":0,"menu_order":0,"comment_status":"closed","ping_status":"closed","template":"","meta":{"footnotes":""},"class_list":["post-4025","page","type-page","status-publish","hentry"],"jetpack_sharing_enabled":true,"jetpack_shortlink":"https:\/\/wp.me\/P4Bhh4-12V","jetpack-related-posts":[],"_links":{"self":[{"href":"https:\/\/surec.com\/index.php?rest_route=\/wp\/v2\/pages\/4025","targetHints":{"allow":["GET"]}}],"collection":[{"href":"https:\/\/surec.com\/index.php?rest_route=\/wp\/v2\/pages"}],"about":[{"href":"https:\/\/surec.com\/index.php?rest_route=\/wp\/v2\/types\/page"}],"author":[{"embeddable":true,"href":"https:\/\/surec.com\/index.php?rest_route=\/wp\/v2\/users\/1"}],"replies":[{"embeddable":true,"href":"https:\/\/surec.com\/index.php?rest_route=%2Fwp%2Fv2%2Fcomments&post=4025"}],"version-history":[{"count":6,"href":"https:\/\/surec.com\/index.php?rest_route=\/wp\/v2\/pages\/4025\/revisions"}],"predecessor-version":[{"id":4129,"href":"https:\/\/surec.com\/index.php?rest_route=\/wp\/v2\/pages\/4025\/revisions\/4129"}],"wp:attachment":[{"href":"https:\/\/surec.com\/index.php?rest_route=%2Fwp%2Fv2%2Fmedia&parent=4025"}],"curies":[{"name":"wp","href":"https:\/\/api.w.org\/{rel}","templated":true}]}}