{"id":4017,"date":"2014-08-20T11:52:11","date_gmt":"2014-08-20T08:52:11","guid":{"rendered":"http:\/\/surec.com\/?page_id=4017"},"modified":"2014-09-24T22:28:48","modified_gmt":"2014-09-24T19:28:48","slug":"qpr-process-guide","status":"publish","type":"page","link":"https:\/\/surec.com\/?page_id=4017","title":{"rendered":"QPR Process Designer Nedir?"},"content":{"rendered":"<p><strong>QPR ProcessGuide (QPR Process Designer) Nedir?<\/strong><\/p>\n<p>QPR ProcessGuide kurulu\u015f y\u00f6netimlerinin iyile\u015ftirilmesinde ve s\u00fcrd\u00fcr\u00fclmesinde kullan\u0131lan \u00e7ok ama\u00e7l\u0131 bir s\u00fcre\u00e7 y\u00f6netimi yaz\u0131l\u0131m\u0131d\u0131r. \u00c7ok k\u00fc\u00e7\u00fck \u015firketlerden uluslar aras\u0131 global \u015firketlere kadar farkl\u0131 b\u00fcy\u00fckl\u00fckte ve farkl\u0131 sekt\u00f6rlerdeki \u015firketlerde kullan\u0131lan ve d\u00fcnyaca tan\u0131nan web esasl\u0131 bir yaz\u0131l\u0131md\u0131r. Kurulu\u015funuzdaki i\u015f yapma bi\u00e7imini t\u00fcm ayr\u0131nt\u0131lar\u0131yla elektronik ortama kolayl\u0131kla aktararak \u00e7al\u0131\u015fma sisteminize ait t\u00fcm ayr\u0131nt\u0131lar \u00e7al\u0131\u015fanlara on-line olarak ula\u015fm\u0131\u015f olur. Bu sayede i\u015flerin yanl\u0131\u015f yap\u0131lmas\u0131, hatal\u0131 yap\u0131lmas\u0131 ve tekrarlar \u00f6nlenir. Her \u00e7al\u0131\u015fan kendisi i\u00e7in gerekli bilgiyi kolayl\u0131kla bulaca\u011f\u0131ndan i\u015fi benimseme ve kimseye sorma ihtiyac\u0131 hissetmeden i\u015fini do\u011fru yapma olas\u0131l\u0131\u011f\u0131n\u0131 art\u0131r\u0131r. QPR ProcessGuide ile s\u00fcre\u00e7 haritalar\u0131 olu\u015fturulabilir, s\u00fcre\u00e7ler tan\u0131mlanabilir, ayr\u0131nt\u0131l\u0131 s\u00fcre\u00e7 ak\u0131\u015flar\u0131 haz\u0131rlanabilir, s\u00fcre\u00e7lerle ilgili t\u00fcm ili\u015fkiler (dok\u00fcman, departman, ki\u015fi) kurulabilir, s\u00fcre\u00e7 performans kriterleri belirlenebilir, \u00f6l\u00e7\u00fclebilir ve s\u00fcre\u00e7ler iyile\u015ftirilebilir. T\u00fcm s\u00fcre\u00e7 bilgileri t\u00fcm \u00e7al\u0131\u015fanlara an\u0131nda iletilebilir.<\/p>\n<p><a href=\"http:\/\/surec.com\/wp-content\/uploads\/2014\/08\/PG1.jpg\"><img loading=\"lazy\" decoding=\"async\" class=\"alignnone size-full wp-image-4018\" src=\"http:\/\/surec.com\/wp-content\/uploads\/2014\/08\/PG1.jpg\" alt=\"PG1\" width=\"521\" height=\"321\" srcset=\"https:\/\/surec.com\/wp-content\/uploads\/2014\/08\/PG1.jpg 521w, https:\/\/surec.com\/wp-content\/uploads\/2014\/08\/PG1-300x184.jpg 300w\" sizes=\"auto, (max-width: 521px) 100vw, 521px\" \/><\/a><\/p>\n<p>QPR ProcessGuide s\u00fcre\u00e7 y\u00f6netimini \u00f6n plana alarak \u00e7al\u0131\u015f\u0131r. QPR ProcessGuide ile s\u00fcre\u00e7 haritalar\u0131n\u0131z\u0131 kolayl\u0131kla olu\u015fturabilir, s\u00fcre\u00e7 ak\u0131\u015f \u015femalar\u0131n\u0131z\u0131 olu\u015fturabilir kurulu\u015funuzdaki t\u00fcm s\u00fcre\u00e7 ad\u0131mlar\u0131n\u0131z\u0131 belirleyebilirsizin. B\u00fct\u00fcn s\u00fcre\u00e7 ad\u0131mlar\u0131 tek bir b\u00fcy\u00fck haritan\u0131n par\u00e7as\u0131ym\u0131\u015f gibi birbiri ile entegre edebilirsiniz. \u0130\u015f yapma bi\u00e7iminize g\u00f6re s\u00fcre\u00e7lerinizin s\u0131ras\u0131n\u0131 ve etkile\u015fimini, yapt\u0131klar\u0131 i\u015flemler do\u011frultusunda birbiri ile ili\u015fkili hale getirebilir, bu ili\u015fkileri otomatik olarak y\u00f6netebilirsiniz.<\/p>\n<p><a href=\"http:\/\/surec.com\/wp-content\/uploads\/2014\/08\/PG2.jpg\"><img loading=\"lazy\" decoding=\"async\" class=\"alignnone size-full wp-image-4019\" src=\"http:\/\/surec.com\/wp-content\/uploads\/2014\/08\/PG2.jpg\" alt=\"PG2\" width=\"480\" height=\"360\" srcset=\"https:\/\/surec.com\/wp-content\/uploads\/2014\/08\/PG2.jpg 480w, https:\/\/surec.com\/wp-content\/uploads\/2014\/08\/PG2-300x225.jpg 300w\" sizes=\"auto, (max-width: 480px) 100vw, 480px\" \/><\/a><\/p>\n<p>S\u00fcrecin geli\u015ftirilmesinden ve performans\u0131ndan sorumlu s\u00fcre\u00e7 sahiplerini belirleyebilir ve bunu s\u00fcre\u00e7 \u00fczerinde g\u00f6sterebilirsiniz. S\u00fcre\u00e7 ad\u0131mlar\u0131n\u0131 ve faaliyetleri ger\u00e7ekle\u015ftirmek durumunda olan \u00e7al\u0131\u015fanlar da sorumluluklar\u0131n\u0131 ve g\u00f6revlerini s\u00fcre\u00e7 ak\u0131\u015f \u015femas\u0131 \u00fczerinde g\u00f6rebilmektedirler.\u00a0 S\u00fcre\u00e7 sahiplerinin ve s\u00fcre\u00e7te g\u00f6rev alacak \u00e7al\u0131\u015fanlar\u0131n belirlenmesi ayn\u0131 zamanda bu ki\u015filer taraf\u0131ndan yap\u0131lacak s\u00fcre\u00e7ler ve iyile\u015ftirmelerle ilgili geri bildirimlerin al\u0131nmas\u0131na, y\u00f6netilmesine ve s\u00fcre\u00e7lerin iyile\u015ftirilmesine olanak sa\u011flar. <a href=\"http:\/\/surec.com\/wp-content\/uploads\/2014\/08\/PG3.jpg\"><img loading=\"lazy\" decoding=\"async\" class=\"alignnone size-full wp-image-4020\" src=\"http:\/\/surec.com\/wp-content\/uploads\/2014\/08\/PG3.jpg\" alt=\"PG3\" width=\"480\" height=\"360\" srcset=\"https:\/\/surec.com\/wp-content\/uploads\/2014\/08\/PG3.jpg 480w, https:\/\/surec.com\/wp-content\/uploads\/2014\/08\/PG3-300x225.jpg 300w\" sizes=\"auto, (max-width: 480px) 100vw, 480px\" \/><\/a><\/p>\n<p>QPR ProcessGuide ile de\u011fi\u015fiklikler \u00e7ok kolayl\u0131kla yap\u0131l\u0131r ve organizasyon i\u00e7inde on-line olarak duyurulur. QPR ProcessGuide t\u00fcm sisteminizdeki bilgileri i\u00e7eren, en \u00fcst kademeden en alttaki \u00e7al\u0131\u015fana kadar bilgileri do\u011fru h\u0131zl\u0131 ve zaman\u0131nda ileten m\u00fckemmel bir ileti\u015fim arac\u0131d\u0131r.<\/p>\n<p style=\"margin: 0cm; margin-bottom: .0001pt;\"><span style=\"font-size: 10.0pt; font-family: 'Georgia','serif'; color: #333333;\"><a href=\"http:\/\/surec.com\/?page_id=4025\" target=\"_blank\">QPR Process Designer Nas\u0131l \u00c7al\u0131\u015f\u0131r?\u00a0<\/a><\/span><\/p>\n<p style=\"margin: 0cm; margin-bottom: .0001pt;\"><span style=\"font-size: 10.0pt; font-family: 'Georgia','serif'; color: #333333;\"><a href=\"http:\/\/surec.com\/?page_id=4039\" target=\"_blank\">QPR Process Designer&#8217;\u0131n \u00d6zellikleri Nelerdir?<\/a><\/span><\/p>\n<p style=\"margin: 0cm; margin-bottom: .0001pt; orphans: auto; text-align: start; widows: auto; -webkit-text-stroke-width: 0px; word-spacing: 0px;\"><span style=\"font-size: 10.0pt; font-family: 'Georgia','serif'; color: #333333;\"><a href=\"http:\/\/surec.com\/?page_id=4108\" target=\"_blank\">QPR ProcessDesigner Yararlar\u0131 Nelerdir?\u00a0<\/a><\/span><\/p>\n<p style=\"margin: 0cm; margin-bottom: .0001pt; orphans: auto; text-align: start; widows: auto; -webkit-text-stroke-width: 0px; word-spacing: 0px;\">\n","protected":false},"excerpt":{"rendered":"<p>QPR ProcessGuide (QPR Process Designer) Nedir? QPR ProcessGuide kurulu\u015f y\u00f6netimlerinin iyile\u015ftirilmesinde ve s\u00fcrd\u00fcr\u00fclmesinde kullan\u0131lan \u00e7ok ama\u00e7l\u0131 bir s\u00fcre\u00e7 y\u00f6netimi yaz\u0131l\u0131m\u0131d\u0131r. \u00c7ok k\u00fc\u00e7\u00fck \u015firketlerden uluslar aras\u0131 global \u015firketlere kadar farkl\u0131 b\u00fcy\u00fckl\u00fckte ve farkl\u0131 sekt\u00f6rlerdeki \u015firketlerde kullan\u0131lan ve d\u00fcnyaca tan\u0131nan web esasl\u0131 [&hellip;]<\/p>\n","protected":false},"author":1,"featured_media":0,"parent":0,"menu_order":0,"comment_status":"closed","ping_status":"closed","template":"","meta":{"footnotes":""},"class_list":["post-4017","page","type-page","status-publish","hentry"],"jetpack_sharing_enabled":true,"jetpack_shortlink":"https:\/\/wp.me\/P4Bhh4-12N","jetpack-related-posts":[],"_links":{"self":[{"href":"https:\/\/surec.com\/index.php?rest_route=\/wp\/v2\/pages\/4017","targetHints":{"allow":["GET"]}}],"collection":[{"href":"https:\/\/surec.com\/index.php?rest_route=\/wp\/v2\/pages"}],"about":[{"href":"https:\/\/surec.com\/index.php?rest_route=\/wp\/v2\/types\/page"}],"author":[{"embeddable":true,"href":"https:\/\/surec.com\/index.php?rest_route=\/wp\/v2\/users\/1"}],"replies":[{"embeddable":true,"href":"https:\/\/surec.com\/index.php?rest_route=%2Fwp%2Fv2%2Fcomments&post=4017"}],"version-history":[{"count":10,"href":"https:\/\/surec.com\/index.php?rest_route=\/wp\/v2\/pages\/4017\/revisions"}],"predecessor-version":[{"id":4130,"href":"https:\/\/surec.com\/index.php?rest_route=\/wp\/v2\/pages\/4017\/revisions\/4130"}],"wp:attachment":[{"href":"https:\/\/surec.com\/index.php?rest_route=%2Fwp%2Fv2%2Fmedia&parent=4017"}],"curies":[{"name":"wp","href":"https:\/\/api.w.org\/{rel}","templated":true}]}}