{"id":4001,"date":"2014-08-19T11:15:59","date_gmt":"2014-08-19T08:15:59","guid":{"rendered":"http:\/\/surec.com\/?page_id=4001"},"modified":"2014-08-19T11:15:59","modified_gmt":"2014-08-19T08:15:59","slug":"genel-katilima-acik-egitim-referanslarimiz","status":"publish","type":"page","link":"https:\/\/surec.com\/?page_id=4001","title":{"rendered":"Genel Kat\u0131l\u0131ma A\u00e7\u0131k E\u011fitim Referanslar\u0131m\u0131z"},"content":{"rendered":"<p><img decoding=\"async\" class=\"ngg_displayed_gallery mceItem\" src=\"http:\/\/surec.com\/index.php\/nextgen-attach_to_post\/preview\/id--4002\" alt=\"\" \/><\/p>\n","protected":false},"excerpt":{"rendered":"","protected":false},"author":1,"featured_media":0,"parent":0,"menu_order":0,"comment_status":"closed","ping_status":"closed","template":"","meta":{"jetpack_post_was_ever_published":false,"footnotes":""},"class_list":["post-4001","page","type-page","status-publish","hentry"],"jetpack_sharing_enabled":true,"jetpack_shortlink":"https:\/\/wp.me\/P4Bhh4-12x","jetpack-related-posts":[],"_links":{"self":[{"href":"https:\/\/surec.com\/index.php?rest_route=\/wp\/v2\/pages\/4001","targetHints":{"allow":["GET"]}}],"collection":[{"href":"https:\/\/surec.com\/index.php?rest_route=\/wp\/v2\/pages"}],"about":[{"href":"https:\/\/surec.com\/index.php?rest_route=\/wp\/v2\/types\/page"}],"author":[{"embeddable":true,"href":"https:\/\/surec.com\/index.php?rest_route=\/wp\/v2\/users\/1"}],"replies":[{"embeddable":true,"href":"https:\/\/surec.com\/index.php?rest_route=%2Fwp%2Fv2%2Fcomments&post=4001"}],"version-history":[{"count":1,"href":"https:\/\/surec.com\/index.php?rest_route=\/wp\/v2\/pages\/4001\/revisions"}],"predecessor-version":[{"id":4003,"href":"https:\/\/surec.com\/index.php?rest_route=\/wp\/v2\/pages\/4001\/revisions\/4003"}],"wp:attachment":[{"href":"https:\/\/surec.com\/index.php?rest_route=%2Fwp%2Fv2%2Fmedia&parent=4001"}],"curies":[{"name":"wp","href":"https:\/\/api.w.org\/{rel}","templated":true}]}}