{"id":3996,"date":"2014-08-19T11:10:10","date_gmt":"2014-08-19T08:10:10","guid":{"rendered":"http:\/\/surec.com\/?page_id=3996"},"modified":"2014-08-19T11:11:47","modified_gmt":"2014-08-19T08:11:47","slug":"yazilim-referanslarimiz","status":"publish","type":"page","link":"https:\/\/surec.com\/?page_id=3996","title":{"rendered":"Yaz\u0131l\u0131m Referanslar\u0131m\u0131z"},"content":{"rendered":"<p><img decoding=\"async\" class=\"ngg_displayed_gallery mceItem\" src=\"http:\/\/surec.com\/index.php\/nextgen-attach_to_post\/preview\/id--3998\" alt=\"\" \/><\/p>\n","protected":false},"excerpt":{"rendered":"","protected":false},"author":1,"featured_media":0,"parent":0,"menu_order":0,"comment_status":"closed","ping_status":"closed","template":"","meta":{"jetpack_post_was_ever_published":false,"footnotes":""},"class_list":["post-3996","page","type-page","status-publish","hentry"],"jetpack_sharing_enabled":true,"jetpack_shortlink":"https:\/\/wp.me\/P4Bhh4-12s","jetpack-related-posts":[],"_links":{"self":[{"href":"https:\/\/surec.com\/index.php?rest_route=\/wp\/v2\/pages\/3996","targetHints":{"allow":["GET"]}}],"collection":[{"href":"https:\/\/surec.com\/index.php?rest_route=\/wp\/v2\/pages"}],"about":[{"href":"https:\/\/surec.com\/index.php?rest_route=\/wp\/v2\/types\/page"}],"author":[{"embeddable":true,"href":"https:\/\/surec.com\/index.php?rest_route=\/wp\/v2\/users\/1"}],"replies":[{"embeddable":true,"href":"https:\/\/surec.com\/index.php?rest_route=%2Fwp%2Fv2%2Fcomments&post=3996"}],"version-history":[{"count":2,"href":"https:\/\/surec.com\/index.php?rest_route=\/wp\/v2\/pages\/3996\/revisions"}],"predecessor-version":[{"id":3999,"href":"https:\/\/surec.com\/index.php?rest_route=\/wp\/v2\/pages\/3996\/revisions\/3999"}],"wp:attachment":[{"href":"https:\/\/surec.com\/index.php?rest_route=%2Fwp%2Fv2%2Fmedia&parent=3996"}],"curies":[{"name":"wp","href":"https:\/\/api.w.org\/{rel}","templated":true}]}}