{"id":3627,"date":"2014-08-18T23:16:30","date_gmt":"2014-08-18T20:16:30","guid":{"rendered":"http:\/\/surec.com\/?page_id=3627"},"modified":"2014-08-19T11:06:57","modified_gmt":"2014-08-19T08:06:57","slug":"kurumsal-egitim-referanslarimiz","status":"publish","type":"page","link":"https:\/\/surec.com\/?page_id=3627","title":{"rendered":"Kurumsal E\u011fitim Referanslar\u0131m\u0131z"},"content":{"rendered":"<p><img decoding=\"async\" class=\"ngg_displayed_gallery mceItem\" src=\"http:\/\/surec.com\/index.php\/nextgen-attach_to_post\/preview\/id--3993\" alt=\"\" \/><\/p>\n","protected":false},"excerpt":{"rendered":"","protected":false},"author":1,"featured_media":0,"parent":0,"menu_order":0,"comment_status":"closed","ping_status":"closed","template":"","meta":{"footnotes":""},"class_list":["post-3627","page","type-page","status-publish","hentry"],"jetpack_sharing_enabled":true,"jetpack_shortlink":"https:\/\/wp.me\/P4Bhh4-Wv","jetpack-related-posts":[],"_links":{"self":[{"href":"https:\/\/surec.com\/index.php?rest_route=\/wp\/v2\/pages\/3627","targetHints":{"allow":["GET"]}}],"collection":[{"href":"https:\/\/surec.com\/index.php?rest_route=\/wp\/v2\/pages"}],"about":[{"href":"https:\/\/surec.com\/index.php?rest_route=\/wp\/v2\/types\/page"}],"author":[{"embeddable":true,"href":"https:\/\/surec.com\/index.php?rest_route=\/wp\/v2\/users\/1"}],"replies":[{"embeddable":true,"href":"https:\/\/surec.com\/index.php?rest_route=%2Fwp%2Fv2%2Fcomments&post=3627"}],"version-history":[{"count":2,"href":"https:\/\/surec.com\/index.php?rest_route=\/wp\/v2\/pages\/3627\/revisions"}],"predecessor-version":[{"id":3994,"href":"https:\/\/surec.com\/index.php?rest_route=\/wp\/v2\/pages\/3627\/revisions\/3994"}],"wp:attachment":[{"href":"https:\/\/surec.com\/index.php?rest_route=%2Fwp%2Fv2%2Fmedia&parent=3627"}],"curies":[{"name":"wp","href":"https:\/\/api.w.org\/{rel}","templated":true}]}}