{"id":2954,"date":"2014-07-20T01:17:11","date_gmt":"2014-07-19T22:17:11","guid":{"rendered":"http:\/\/surec.com\/?page_id=2954"},"modified":"2014-08-14T17:09:13","modified_gmt":"2014-08-14T14:09:13","slug":"7-surec-yonetimi-olusturma-danismanlik-paketleri","status":"publish","type":"page","link":"https:\/\/surec.com\/?page_id=2954","title":{"rendered":"S\u00fcre\u00e7 Y\u00f6netimi Olu\u015fturma Dan\u0131\u015fmanl\u0131k Paketleri"},"content":{"rendered":"<p><strong>S\u00fcre\u00e7 Y\u00f6netimi Olu\u015fturma \u201cYaz\u0131l\u0131m+Dan\u0131\u015fmanl\u0131k+E\u011fitim\u201d Paketi<\/strong><\/p>\n<p>S\u00fcre\u00e7 y\u00f6netimi olu\u015fturma dan\u0131\u015fmanl\u0131k paketi, sekt\u00f6r\u00fc ve b\u00fcy\u00fckl\u00fc\u011f\u00fc ne olursa olsun, t\u00fcm \u015firketler i\u00e7in <a href=\"http:\/\/surec.com\/wp-content\/uploads\/2014\/08\/competition_brackets_1600_clr_9266.png\"><img loading=\"lazy\" decoding=\"async\" class=\"wp-image-3127 size-medium alignright\" src=\"http:\/\/surec.com\/wp-content\/uploads\/2014\/08\/competition_brackets_1600_clr_9266-300x171.png\" alt=\"\" width=\"300\" height=\"171\" srcset=\"https:\/\/surec.com\/wp-content\/uploads\/2014\/08\/competition_brackets_1600_clr_9266-300x171.png 300w, https:\/\/surec.com\/wp-content\/uploads\/2014\/08\/competition_brackets_1600_clr_9266-1024x584.png 1024w, https:\/\/surec.com\/wp-content\/uploads\/2014\/08\/competition_brackets_1600_clr_9266.png 1600w\" sizes=\"auto, (max-width: 300px) 100vw, 300px\" \/><\/a>uygulanabilecek bir yap\u0131dad\u0131r.<\/p>\n<p>S\u00fcre\u00e7 y\u00f6netimi olu\u015fturma hizmet paketi hem y\u00f6netim unsurlar\u0131n\u0131 hem de teknoloji unsurlar\u0131n\u0131 i\u00e7inde bar\u0131nd\u0131r\u0131r. \u00a0Bu nedenle hem d\u00fcnyada uygulanan s\u00fcre\u00e7 y\u00f6netim tekniklerini i\u00e7erir, hem de bir teknoloji \u00fczerinde olu\u015fturuldu\u011fu i\u00e7in\u00a0 uygulaman\u0131n etkin ve tutarl\u0131 bir \u015fekilde s\u00fcrd\u00fcr\u00fclmesi m\u00fcmk\u00fcnd\u00fcr.<\/p>\n<p>Dan\u0131\u015fmanl\u0131k paketi s\u00fcre ve kapsam\u0131, kurulu\u015fa g\u00f6re uyarlanabilmektedir. Paket, E\u011fitim, dan\u0131\u015fmanl\u0131k ve yaz\u0131l\u0131m i\u00e7ermektedir.\u00a0 T\u00fcm kurulu\u015flar\u0131n kullanabildi\u011fi genel s\u00fcre\u00e7ler paketin i\u00e7ine yer alabilmekte ve bu da s\u00fcreyi ve maliyeti azaltmaktad\u0131r.<\/p>\n<p>Kurulu\u015fun t\u00fcm s\u00fcre\u00e7 haritalar\u0131n\u0131n\u00a0 olu\u015fturulmas\u0131, Temel, y\u00f6netsel ve destek s\u00fcre\u00e7lerin belirlenmesi ve ili\u015fkilendirilmesi, s\u00fcre\u00e7 ad\u0131mlar\u0131n\u0131n belirlenmesi, t\u00fcm s\u00fcre\u00e7 ad\u0131mlar\u0131n\u0131n organizasyonel birimler, dok\u00fcmanlar ve ki\u015filerle ili\u015fkilendirilmesi kullan\u0131lan yaz\u0131l\u0131mdan dolay\u0131 kolayl\u0131kla y\u00f6netilebilmektedir. Bu da s\u00fcre\u00e7 performans y\u00f6netimi, s\u00fcre\u00e7 iyile\u015ftirme, s\u00fcre\u00e7 tetkikleri gibi unsurlar i\u00e7in alt yap\u0131 olu\u015fturabilmektedir.<\/p>\n<p>Yaz\u0131l\u0131m kullan\u0131m\u0131n\u0131n en b\u00fcy\u00fck avantaj\u0131 da dok\u00fcmanlar, organizasyonel yap\u0131, g\u00f6rev tan\u0131mlar\u0131 , s\u00fcre\u00e7 dok\u00fcmantasyonu i\u00e7in hi\u00e7 ka\u011f\u0131t kullanmadan ger\u00e7ekle\u015ftirilebilmesi\u00a0 ve de\u011fi\u015fikliklerin birka\u00e7 g\u00fcn yerine birka\u00e7 dakika gibi k\u0131sa zaman birimlerinde yap\u0131larak gereken t\u00fcm \u00e7al\u0131\u015fanlarla an\u0131nda payla\u015f\u0131labilmesidir.<\/p>\n<p><strong>S\u00fcre\u00e7 y\u00f6netimi paketi a\u015fa\u011f\u0131daki ad\u0131mlar\u0131n bir k\u0131sm\u0131n\u0131 veya tamam\u0131n\u0131 kapsar: \u00a0 \u00a0<\/strong><\/p>\n<p>Mevcut Durumu inceleme &amp; de\u011ferlendirme<br \/>\nS\u00fcre\u00e7 Y\u00f6netimi Proje Plan\u0131n\u0131n kesinle\u015ftirilmesi<br \/>\nS\u00fcre\u00e7 Y\u00f6netimi E\u011fitimi &amp; Workshoplar<br \/>\nS\u00fcre\u00e7 rotasyonunun belirlenmesi,<br \/>\nS\u00fcre\u00e7 tan\u0131mlar\u0131n\u0131n netle\u015ftirilmesi<br \/>\nS\u00fcre\u00e7lerin taslak olarak olu\u015fturulmas\u0131<br \/>\nS\u00fcre\u00e7lerin yaz\u0131l\u0131ma ortam\u0131na aktar\u0131lmas\u0131<br \/>\nS\u00fcre\u00e7 organizasyon birim ili\u015fkilerinin olu\u015fturulmas\u0131<br \/>\nS\u00fcre\u00e7 ad\u0131m\u0131 dok\u00fcman ili\u015fkilerinin olu\u015fturulmas\u0131<br \/>\nS\u00fcre\u00e7lerin \u00e7al\u0131\u015fanlarla web \u00fczerinden payla\u015f\u0131lmas\u0131<br \/>\nGeri bildirimlerin al\u0131nmas\u0131<br \/>\nGerekli d\u00fczenlemelerin yap\u0131lmas\u0131<br \/>\nS\u00fcre\u00e7lerin yay\u0131nlanmas\u0131 ve uygulamaya<br \/>\nS\u00fcre\u00e7lerin periyodik olarak g\u00f6zden ge\u00e7irilmesi<br \/>\nS\u00fcre\u00e7lerin iyile\u015ftirilmesi<\/p>\n<p><strong>Uygulama paketinin size sa\u011flayaca\u011f\u0131 yararlar<\/strong><\/p>\n<p>S\u00fcre\u00e7 y\u00f6netimi yaz\u0131l\u0131m\u0131 sayesinde s\u00fcre\u00e7ler etkin bir \u015fekilde y\u00f6netilebilir.<br \/>\nS\u00fcre\u00e7lerle y\u00f6netime ge\u00e7i\u015f s\u00fcresi k\u0131sal\u0131r<br \/>\nS\u00fcre\u00e7le ve sistemle ilgili revizyonlar kolayl\u0131kla yap\u0131l\u0131r.<br \/>\nT\u00fcm \u00e7al\u0131\u015fanlar \u00e7al\u0131\u015fma bi\u00e7imi ile ilgili t\u00fcm bilgilere an\u0131nda ula\u015fabilirler,<br \/>\n\u00c7al\u0131\u015fanlar\u0131n sistemi benimsemesi ve uygulama etkilili\u011fi artar.<\/p>\n","protected":false},"excerpt":{"rendered":"<p>S\u00fcre\u00e7 Y\u00f6netimi Olu\u015fturma \u201cYaz\u0131l\u0131m+Dan\u0131\u015fmanl\u0131k+E\u011fitim\u201d Paketi S\u00fcre\u00e7 y\u00f6netimi olu\u015fturma dan\u0131\u015fmanl\u0131k paketi, sekt\u00f6r\u00fc ve b\u00fcy\u00fckl\u00fc\u011f\u00fc ne olursa olsun, t\u00fcm \u015firketler i\u00e7in uygulanabilecek bir yap\u0131dad\u0131r. S\u00fcre\u00e7 y\u00f6netimi olu\u015fturma hizmet paketi hem y\u00f6netim unsurlar\u0131n\u0131 hem de teknoloji unsurlar\u0131n\u0131 i\u00e7inde bar\u0131nd\u0131r\u0131r. \u00a0Bu nedenle hem d\u00fcnyada [&hellip;]<\/p>\n","protected":false},"author":1,"featured_media":0,"parent":0,"menu_order":0,"comment_status":"closed","ping_status":"closed","template":"","meta":{"footnotes":""},"class_list":["post-2954","page","type-page","status-publish","hentry"],"jetpack_sharing_enabled":true,"jetpack_shortlink":"https:\/\/wp.me\/P4Bhh4-LE","jetpack-related-posts":[],"_links":{"self":[{"href":"https:\/\/surec.com\/index.php?rest_route=\/wp\/v2\/pages\/2954","targetHints":{"allow":["GET"]}}],"collection":[{"href":"https:\/\/surec.com\/index.php?rest_route=\/wp\/v2\/pages"}],"about":[{"href":"https:\/\/surec.com\/index.php?rest_route=\/wp\/v2\/types\/page"}],"author":[{"embeddable":true,"href":"https:\/\/surec.com\/index.php?rest_route=\/wp\/v2\/users\/1"}],"replies":[{"embeddable":true,"href":"https:\/\/surec.com\/index.php?rest_route=%2Fwp%2Fv2%2Fcomments&post=2954"}],"version-history":[{"count":5,"href":"https:\/\/surec.com\/index.php?rest_route=\/wp\/v2\/pages\/2954\/revisions"}],"predecessor-version":[{"id":3214,"href":"https:\/\/surec.com\/index.php?rest_route=\/wp\/v2\/pages\/2954\/revisions\/3214"}],"wp:attachment":[{"href":"https:\/\/surec.com\/index.php?rest_route=%2Fwp%2Fv2%2Fmedia&parent=2954"}],"curies":[{"name":"wp","href":"https:\/\/api.w.org\/{rel}","templated":true}]}}