{"id":2952,"date":"2014-07-20T01:16:03","date_gmt":"2014-07-19T22:16:03","guid":{"rendered":"http:\/\/surec.com\/?page_id=2952"},"modified":"2014-08-14T17:09:13","modified_gmt":"2014-08-14T14:09:13","slug":"6-surec-performansinin-olcumu","status":"publish","type":"page","link":"https:\/\/surec.com\/?page_id=2952","title":{"rendered":"S\u00fcre\u00e7 Performans\u0131n\u0131n \u00d6l\u00e7\u00fcm\u00fc"},"content":{"rendered":"<p><strong>S\u00dcRE\u00c7 PERFORMANS \u00d6L\u00c7\u00dcM\u00dc<\/strong><\/p>\n<p><em>\u201c\u00d6l\u00e7emezseniz y\u00f6netemezsiniz\u201d Peter Drucker<\/em><\/p>\n<p>S\u00fcre\u00e7lerin belirlenmesinin ard\u0131ndan, bu s\u00fcre\u00e7leri iyile\u015ftirmek amac\u0131yla, ger\u00e7ek\u00e7i ve \u00f6l\u00e7\u00fclebilir performans \u00f6l\u00e7\u00fcm <a href=\"http:\/\/surec.com\/wp-content\/uploads\/2014\/07\/stick_figure_drawing_graph_1600_clr.png\"><img loading=\"lazy\" decoding=\"async\" class=\"size-medium wp-image-2996 alignright\" src=\"http:\/\/surec.com\/wp-content\/uploads\/2014\/07\/stick_figure_drawing_graph_1600_clr-300x272.png\" alt=\"stick_figure_drawing_graph_1600_clr\" width=\"300\" height=\"272\" srcset=\"https:\/\/surec.com\/wp-content\/uploads\/2014\/07\/stick_figure_drawing_graph_1600_clr-300x272.png 300w, https:\/\/surec.com\/wp-content\/uploads\/2014\/07\/stick_figure_drawing_graph_1600_clr-1024x931.png 1024w, https:\/\/surec.com\/wp-content\/uploads\/2014\/07\/stick_figure_drawing_graph_1600_clr.png 1600w\" sizes=\"auto, (max-width: 300px) 100vw, 300px\" \/><\/a>kriterleri olu\u015fturulmal\u0131d\u0131r. Kazan\u0131lan deneyimler, performans \u00f6l\u00e7\u00fcm kriterlerini uygulanabilir ve pratik bir \u015fekilde belirlenmeyen kurulu\u015flar\u0131n s\u00fcre\u00e7 iyile\u015ftirme faaliyetlerinde yerinde sayd\u0131\u011f\u0131n\u0131 ve sistemi yeteri kadar iyile\u015ftiremedi\u011fini g\u00f6stermektedir.<\/p>\n<p>Performans \u00f6l\u00e7me sistemi, bir organizasyon i\u00e7erisinde, karar almak ve bu kararlar\u0131 uygulamak s\u00fcrecine destek olmak ve koordine etmek amac\u0131yla bilgi toplama i\u015flemidir.<strong>\u00a0<\/strong><\/p>\n<p><strong>S\u00fcre\u00e7 performanslar\u0131n\u0131n etkin olarak \u015fekilde \u00f6l\u00e7\u00fclmesinin, kurulu\u015flara sa\u011flayaca\u011f\u0131 faydalardan baz\u0131lar\u0131:<\/strong><\/p>\n<ul>\n<li>Y\u00f6netim sisteminin etkilili\u011finin ve s\u00fcreklili\u011finin kontrol alt\u0131nda tutulmas\u0131n\u0131 sa\u011flar.<\/li>\n<li>Kurulu\u015f i\u00e7in iyile\u015ftirme ihtiya\u00e7lar\u0131n\u0131n \u00f6nceliklendirilmesine imkan verir.<\/li>\n<li>S\u00fcre\u00e7 sahiplerinin, sahibi olduklar\u0131 s\u00fcrece ne derece hakim olduklar\u0131 konusunda bilgi verir.<\/li>\n<li>Kurulu\u015f kaynaklar\u0131n\u0131n, performans\u0131 d\u00fc\u015f\u00fck s\u00fcre\u00e7lere y\u00f6nlendirilmesini sa\u011flayarak, kaynak y\u00f6netimi konusunda dengelerin oturtulmas\u0131na yard\u0131mc\u0131 olur.<\/li>\n<li>Kurulu\u015fun t\u00fcm s\u00fcre\u00e7leri ve bu s\u00fcre\u00e7lerin etkinli\u011fi konusunda, \u00fcst y\u00f6netime genel bir resim verir.<\/li>\n<li>Her s\u00fcrece ait kritik ba\u015far\u0131 fakt\u00f6rleri belirlenmi\u015f olur. B\u00f6ylelikle kurumsal performans y\u00f6netimi \u00e7al\u0131\u015fmalar\u0131na alt yap\u0131 sa\u011flar.<\/li>\n<li>S\u00fcre\u00e7lerin ne kadar verimli i\u015fledi\u011fi takip edilebilir<\/li>\n<li>\u0130yile\u015ftirmeye a\u00e7\u0131k alanlar belirlenebilir ve iyile\u015ftirme \u00f6nlemleri al\u0131nabilir.<\/li>\n<li>Performanslar\u0131 d\u00fc\u015f\u00fck olan ve \u00f6nemli olan s\u00fcre\u00e7ler i\u00e7in ( kritik s\u00fcre\u00e7ler) acil tedbirler al\u0131nabilir.<\/li>\n<li>S\u00fcrekli iyile\u015ftirilen s\u00fcre\u00e7 performanslar\u0131 ile daha verimli ve etkin i\u015f sonu\u00e7lar\u0131na sahip olunabilir<\/li>\n<\/ul>\n<p>&nbsp;<\/p>\n","protected":false},"excerpt":{"rendered":"<p>S\u00dcRE\u00c7 PERFORMANS \u00d6L\u00c7\u00dcM\u00dc \u201c\u00d6l\u00e7emezseniz y\u00f6netemezsiniz\u201d Peter Drucker S\u00fcre\u00e7lerin belirlenmesinin ard\u0131ndan, bu s\u00fcre\u00e7leri iyile\u015ftirmek amac\u0131yla, ger\u00e7ek\u00e7i ve \u00f6l\u00e7\u00fclebilir performans \u00f6l\u00e7\u00fcm kriterleri olu\u015fturulmal\u0131d\u0131r. Kazan\u0131lan deneyimler, performans \u00f6l\u00e7\u00fcm kriterlerini uygulanabilir ve pratik bir \u015fekilde belirlenmeyen kurulu\u015flar\u0131n s\u00fcre\u00e7 iyile\u015ftirme faaliyetlerinde yerinde sayd\u0131\u011f\u0131n\u0131 ve sistemi [&hellip;]<\/p>\n","protected":false},"author":1,"featured_media":0,"parent":0,"menu_order":0,"comment_status":"closed","ping_status":"closed","template":"","meta":{"jetpack_post_was_ever_published":false,"footnotes":""},"class_list":["post-2952","page","type-page","status-publish","hentry"],"jetpack_sharing_enabled":true,"jetpack_shortlink":"https:\/\/wp.me\/P4Bhh4-LC","jetpack-related-posts":[],"_links":{"self":[{"href":"https:\/\/surec.com\/index.php?rest_route=\/wp\/v2\/pages\/2952","targetHints":{"allow":["GET"]}}],"collection":[{"href":"https:\/\/surec.com\/index.php?rest_route=\/wp\/v2\/pages"}],"about":[{"href":"https:\/\/surec.com\/index.php?rest_route=\/wp\/v2\/types\/page"}],"author":[{"embeddable":true,"href":"https:\/\/surec.com\/index.php?rest_route=\/wp\/v2\/users\/1"}],"replies":[{"embeddable":true,"href":"https:\/\/surec.com\/index.php?rest_route=%2Fwp%2Fv2%2Fcomments&post=2952"}],"version-history":[{"count":6,"href":"https:\/\/surec.com\/index.php?rest_route=\/wp\/v2\/pages\/2952\/revisions"}],"predecessor-version":[{"id":3310,"href":"https:\/\/surec.com\/index.php?rest_route=\/wp\/v2\/pages\/2952\/revisions\/3310"}],"wp:attachment":[{"href":"https:\/\/surec.com\/index.php?rest_route=%2Fwp%2Fv2%2Fmedia&parent=2952"}],"curies":[{"name":"wp","href":"https:\/\/api.w.org\/{rel}","templated":true}]}}