{"id":2948,"date":"2014-07-20T01:00:00","date_gmt":"2014-07-19T22:00:00","guid":{"rendered":"http:\/\/surec.com\/?page_id=2948"},"modified":"2014-08-14T17:09:13","modified_gmt":"2014-08-14T14:09:13","slug":"3-surec-iyilestirme","status":"publish","type":"page","link":"https:\/\/surec.com\/?page_id=2948","title":{"rendered":"S\u00fcre\u00e7 \u0130yile\u015ftirme"},"content":{"rendered":"<p><strong>S\u00fcre\u00e7 iyile\u015ftirme<\/strong><\/p>\n<p>G\u00fcn\u00fcm\u00fcz\u00fcn b\u00fcy\u00fck bir h\u0131zla de\u011fi\u015fen d\u00fcnyas\u0131nda y\u00f6netim bi\u00e7imleri de ayn\u0131 h\u0131zla de\u011fi\u015fmektedir. Y\u00fczy\u0131l\u0131n ba\u015f\u0131ndan bu <a href=\"http:\/\/surec.com\/wp-content\/uploads\/2014\/08\/chess_strategy_1600_clr_9372.png\"><img loading=\"lazy\" decoding=\"async\" class=\"size-medium wp-image-3132 alignright\" src=\"http:\/\/surec.com\/wp-content\/uploads\/2014\/08\/chess_strategy_1600_clr_9372-300x225.png\" alt=\"chess_strategy_1600_clr_9372\" width=\"300\" height=\"225\" srcset=\"https:\/\/surec.com\/wp-content\/uploads\/2014\/08\/chess_strategy_1600_clr_9372-300x225.png 300w, https:\/\/surec.com\/wp-content\/uploads\/2014\/08\/chess_strategy_1600_clr_9372-1024x768.png 1024w, https:\/\/surec.com\/wp-content\/uploads\/2014\/08\/chess_strategy_1600_clr_9372.png 1600w\" sizes=\"auto, (max-width: 300px) 100vw, 300px\" \/><\/a>yana kullan\u0131lan ve kullan\u0131ld\u0131klar\u0131 d\u00f6nemde i\u015fe yarayan y\u00f6ntemler art\u0131k etkinliklerini kaybetmi\u015f bulunmaktad\u0131rlar.\u00a0 M\u00fc\u015fteri isteklerini kar\u015f\u0131lamakta zorlanan, fiyatlar\u0131n d\u00fc\u015ft\u00fc\u011f\u00fc oranda maliyetlerini d\u00fc\u015f\u00fcremeyen, rakipleri kar\u015f\u0131s\u0131nda zorlanan kurulu\u015flar bir \u015feyler yapmak zorunda olduklar\u0131n\u0131 hissediyorlar. \u00d6rne\u011fin sadece, organizasyon yap\u0131s\u0131n\u0131 de\u011fi\u015ftirerek daha iyi bir y\u00f6netim sa\u011flanaca\u011f\u0131n\u0131 san\u0131yorlar. Dok\u00fcmanlar\u0131 de\u011fi\u015ftirerek daha iyi bir kontrol sa\u011flayacaklar\u0131n\u0131 veya bekledikleri iyile\u015fmenin ger\u00e7ekle\u015fece\u011fini d\u00fc\u015f\u00fcn\u00fcyorlar.\u00a0 Ger\u00e7ekte organizasyon yap\u0131s\u0131 ve dok\u00fcmantasyon \u00f6nemli olmas\u0131na ra\u011fmen bunlar dinamik olmayan, do\u011frudan m\u00fc\u015fterinin isteyece\u011fi katk\u0131lar\u0131 verebilecek unsurlar de\u011fil, bunlar destek unsurlar.<\/p>\n<p>M\u00fc\u015fteri isteklerini kar\u015f\u0131lamak, maliyetleri d\u00fc\u015f\u00fcrmek, fiyat avantaj\u0131 elde edebilmek, karl\u0131l\u0131\u011f\u0131 art\u0131rmak i\u00e7in i\u015flere<br \/>\nodaklanmak ve i\u015fleri hatas\u0131z, daha h\u0131zl\u0131 ve\u00a0 daha iyi olarak ger\u00e7ekle\u015ftirmekle m\u00fcmk\u00fcn olabilir. Bir ba\u015fka deyi\u015fle kurulu\u015fun i\u015f yapma bi\u00e7imini bir ba\u015fka deyi\u015fle s\u00fcre\u00e7lerini g\u00f6zden ge\u00e7irmesi ve iyile\u015ftirmesi ile m\u00fcmk\u00fcn olabilir. Yap\u0131lan \u00e7al\u0131\u015fmalar ortalama olarak kurulu\u015flarda yap\u0131lan her 100 i\u015f ad\u0131m\u0131n\u0131n % 70\u2019inin katma de\u011fer \u00fcretmeyen, yani bo\u015fa yap\u0131lan faaliyet oldu\u011funu ortaya koymaktad\u0131r. Halbuki her i\u015f bir \u00fcr\u00fcn veya hizmete bir \u015feyler ilave ederek bir katma de\u011fer \u00fcretmelidir. Katma de\u011fer \u00fcretmeyen yani bir i\u015fe yaramayan faaliyetler kaliteyi, maliyeti ve termin zamanlar\u0131n\u0131 k\u00f6t\u00fc y\u00f6nde etkilemektedir. Katma de\u011fer \u00fcretmeyen faaliyetler elenerek, d\u0131\u015f kaynakl\u0131 hale getirilerek veya otomasyona ba\u011flanarak azalt\u0131lmal\u0131d\u0131r. Bu sayede kaynaklar\u0131 \u00e7ok daha verimli kullanm\u0131\u015f ve maliyetlerimizi d\u00fc\u015f\u00fcrm\u00fc\u015f oluruz.<\/p>\n<p>100 faaliyetten 70 adedinin hi\u00e7 bir i\u015fe yaramadan bo\u015fa yap\u0131lmas\u0131 ve bu yarars\u0131z faaliyetlerin s\u00fcrekli olarak tekrar edilmesi \u00fczerinde \u00f6nemle durulmas\u0131 gereken bir noktad\u0131r.\u00a0 T\u00fcm d\u00fcnyada zorluklar\u0131n giderek artt\u0131\u011f\u0131, kar marjlar\u0131n\u0131n darald\u0131\u011f\u0131, kaynaklar\u0131n k\u0131s\u0131tl\u0131 kald\u0131\u011f\u0131 ko\u015fullarda Kurulu\u015f i\u00e7indeki s\u00fcre\u00e7lerde, b\u00f6l\u00fcmler aras\u0131 i\u015f ve ili\u015fkilerde, hatal\u0131 yap\u0131lan, tekrar yap\u0131lan, hurdaya at\u0131lan i\u015fleri azaltmak, bekleme ve gereksiz hareketleri yok etmek, yanl\u0131\u015f yaz\u0131lan fatura say\u0131s\u0131n\u0131 azaltmak bize \u00f6nemli katk\u0131lar sa\u011flayabilir. 70 gereksiz faaliyetin daha a\u015fa\u011f\u0131ya \u00e7ekilmesi \u00f6nemli bir iyile\u015ftirme f\u0131rsat\u0131d\u0131r. Bu bize \u00f6nemli kaynak sa\u011flayabilece\u011fi gibi, esnek bir yap\u0131ya kavu\u015fmam\u0131z\u0131 da sa\u011flar.<\/p>\n<p>Katma de\u011fer yaratmayan ad\u0131mlar\u0131 ortadan kald\u0131rarak s\u00fcre\u00e7 iyile\u015ftirmeyi ama\u00e7layan uygulama kurulu\u015fun yap\u0131s\u0131na, durumuna, b\u00fcy\u00fckl\u00fck ve k\u00fclt\u00fcr\u00fcne ba\u011fl\u0131 olarak de\u011fi\u015febilir ve her kurulu\u015f i\u00e7in kendine \u00f6zg\u00fc ko\u015fullar i\u00e7in tasarlanmal\u0131d\u0131r. Bu uygulama konuyu iyi bilen bir dan\u0131\u015fman deste\u011fi ile kurulu\u015f i\u00e7inde ekip \u00e7al\u0131\u015fmas\u0131 ile ve bir proje yakla\u015f\u0131m\u0131 ile yap\u0131lmal\u0131d\u0131r.<\/p>\n","protected":false},"excerpt":{"rendered":"<p>S\u00fcre\u00e7 iyile\u015ftirme G\u00fcn\u00fcm\u00fcz\u00fcn b\u00fcy\u00fck bir h\u0131zla de\u011fi\u015fen d\u00fcnyas\u0131nda y\u00f6netim bi\u00e7imleri de ayn\u0131 h\u0131zla de\u011fi\u015fmektedir. Y\u00fczy\u0131l\u0131n ba\u015f\u0131ndan bu yana kullan\u0131lan ve kullan\u0131ld\u0131klar\u0131 d\u00f6nemde i\u015fe yarayan y\u00f6ntemler art\u0131k etkinliklerini kaybetmi\u015f bulunmaktad\u0131rlar.\u00a0 M\u00fc\u015fteri isteklerini kar\u015f\u0131lamakta zorlanan, fiyatlar\u0131n d\u00fc\u015ft\u00fc\u011f\u00fc oranda maliyetlerini d\u00fc\u015f\u00fcremeyen, rakipleri kar\u015f\u0131s\u0131nda [&hellip;]<\/p>\n","protected":false},"author":1,"featured_media":0,"parent":0,"menu_order":0,"comment_status":"closed","ping_status":"closed","template":"","meta":{"jetpack_post_was_ever_published":false,"footnotes":""},"class_list":["post-2948","page","type-page","status-publish","hentry"],"jetpack_sharing_enabled":true,"jetpack_shortlink":"https:\/\/wp.me\/P4Bhh4-Ly","jetpack-related-posts":[],"_links":{"self":[{"href":"https:\/\/surec.com\/index.php?rest_route=\/wp\/v2\/pages\/2948","targetHints":{"allow":["GET"]}}],"collection":[{"href":"https:\/\/surec.com\/index.php?rest_route=\/wp\/v2\/pages"}],"about":[{"href":"https:\/\/surec.com\/index.php?rest_route=\/wp\/v2\/types\/page"}],"author":[{"embeddable":true,"href":"https:\/\/surec.com\/index.php?rest_route=\/wp\/v2\/users\/1"}],"replies":[{"embeddable":true,"href":"https:\/\/surec.com\/index.php?rest_route=%2Fwp%2Fv2%2Fcomments&post=2948"}],"version-history":[{"count":6,"href":"https:\/\/surec.com\/index.php?rest_route=\/wp\/v2\/pages\/2948\/revisions"}],"predecessor-version":[{"id":3202,"href":"https:\/\/surec.com\/index.php?rest_route=\/wp\/v2\/pages\/2948\/revisions\/3202"}],"wp:attachment":[{"href":"https:\/\/surec.com\/index.php?rest_route=%2Fwp%2Fv2%2Fmedia&parent=2948"}],"curies":[{"name":"wp","href":"https:\/\/api.w.org\/{rel}","templated":true}]}}