{"id":2941,"date":"2014-07-19T23:26:18","date_gmt":"2014-07-19T20:26:18","guid":{"rendered":"http:\/\/surec.com\/?page_id=2941"},"modified":"2014-08-14T17:09:13","modified_gmt":"2014-08-14T14:09:13","slug":"sureclerle-yonetim","status":"publish","type":"page","link":"https:\/\/surec.com\/?page_id=2941","title":{"rendered":"S\u00fcre\u00e7lerle Y\u00f6netim"},"content":{"rendered":"<p><span style=\"font-size: 12pt;\"><strong>S\u00fcre\u00e7lerle Y\u00f6netim<\/strong><\/span><\/p>\n<p>Varl\u0131klar\u0131n\u0131 s\u00fcrd\u00fcrebilmeleri i\u00e7in kurulu\u015flar\u0131n, i\u015f yapma bi\u00e7imlerini yeniden g\u00f6zden ge\u00e7irmelerine, kendilerini rekabette koruyacak ve \u00f6ne ge\u00e7irecek, karl\u0131l\u0131\u011f\u0131n\u0131 s\u00fcrd\u00fcrecek etkin ve verimli y\u00f6netim bi\u00e7imlerine\u00a0ihtiya\u00e7lar\u0131 vard\u0131r. Bu ihtiyac\u0131 kar\u015f\u0131lamada etkin bir rol oynayan s\u00fcre\u00e7 y\u00f6netimi, kurulu\u015flar\u0131n varl\u0131k nedeni olan i\u015fleri d\u00fczenlemeyi ve y\u00f6netmeyi ama\u00e7 edindi\u011finden farkl\u0131l\u0131k yaratmak ve ba\u015far\u0131s\u0131n\u0131 s\u00fcrd\u00fcrmek isteyen kurulu\u015flar i\u00e7in vazge\u00e7ilmez bir ara\u00e7t\u0131r.<a href=\"http:\/\/surec.com\/wp-content\/uploads\/2014\/07\/stick_figure_pushing_gear_1600_clr.png\"><img loading=\"lazy\" decoding=\"async\" class=\"aligncenter  wp-image-2997\" src=\"http:\/\/surec.com\/wp-content\/uploads\/2014\/07\/stick_figure_pushing_gear_1600_clr-300x243.png\" alt=\"stick_figure_pushing_gear_1600_clr\" width=\"190\" height=\"154\" srcset=\"https:\/\/surec.com\/wp-content\/uploads\/2014\/07\/stick_figure_pushing_gear_1600_clr-300x243.png 300w, https:\/\/surec.com\/wp-content\/uploads\/2014\/07\/stick_figure_pushing_gear_1600_clr-1024x832.png 1024w, https:\/\/surec.com\/wp-content\/uploads\/2014\/07\/stick_figure_pushing_gear_1600_clr.png 1600w\" sizes=\"auto, (max-width: 190px) 100vw, 190px\" \/><\/a> Etkin bir\u00a0s\u00fcre\u00e7 y\u00f6netimi uygulamas\u0131, kaynaklar\u0131n daha h\u0131zl\u0131 ve\u00a0verimli\u00a0kullan\u0131lmas\u0131n\u0131, maliyetlerin azalt\u0131l\u0131p gelirlerin y\u00fckseltilmesini\u00a0sa\u011flar. S\u00fcre\u00e7 Y\u00f6netimine y\u00f6nelik uygulamada kurulu\u015fun pazarlama, sat\u0131\u015f, sat\u0131n alma, \u00fcretim vb. hayati t\u00fcm sistemleri tan\u0131mlanmakta ve bir sistem olarak\u00a0birbiri ile ili\u015fkileri\u00a0ifade edilmektedir. K\u0131sacas\u0131 kurulu\u015f i\u00e7indeki t\u00fcm i\u015fler, s\u00fcre\u00e7ler ve s\u00fcre\u00e7 ad\u0131mlar\u0131nda faaliyetlerin nas\u0131l, kimler taraf\u0131ndan ve neye g\u00f6re yap\u0131laca\u011f\u0131 a\u00e7\u0131k ve net olarak ortaya konmu\u015f olmaktad\u0131r. Kurulu\u015fun t\u00fcm s\u00fcre\u00e7lerini i\u00e7eren bu sistem \u00fczerinde ihtiya\u00e7 duyulmas\u0131 halinde\u00a0de\u011fi\u015fiklikler kolayl\u0131kla yap\u0131labilir\u00a0ve\u00a0iyile\u015ftirme\u00a0faaliyetleri\u00a0etkin\u00a0olarak y\u00fcr\u00fct\u00fclebilir.<\/p>\n","protected":false},"excerpt":{"rendered":"<p>S\u00fcre\u00e7lerle Y\u00f6netim Varl\u0131klar\u0131n\u0131 s\u00fcrd\u00fcrebilmeleri i\u00e7in kurulu\u015flar\u0131n, i\u015f yapma bi\u00e7imlerini yeniden g\u00f6zden ge\u00e7irmelerine, kendilerini rekabette koruyacak ve \u00f6ne ge\u00e7irecek, karl\u0131l\u0131\u011f\u0131n\u0131 s\u00fcrd\u00fcrecek etkin ve verimli y\u00f6netim bi\u00e7imlerine\u00a0ihtiya\u00e7lar\u0131 vard\u0131r. Bu ihtiyac\u0131 kar\u015f\u0131lamada etkin bir rol oynayan s\u00fcre\u00e7 y\u00f6netimi, kurulu\u015flar\u0131n varl\u0131k nedeni olan i\u015fleri [&hellip;]<\/p>\n","protected":false},"author":1,"featured_media":0,"parent":0,"menu_order":0,"comment_status":"closed","ping_status":"closed","template":"","meta":{"jetpack_post_was_ever_published":false,"footnotes":""},"class_list":["post-2941","page","type-page","status-publish","hentry"],"jetpack_sharing_enabled":true,"jetpack_shortlink":"https:\/\/wp.me\/P4Bhh4-Lr","jetpack-related-posts":[],"_links":{"self":[{"href":"https:\/\/surec.com\/index.php?rest_route=\/wp\/v2\/pages\/2941","targetHints":{"allow":["GET"]}}],"collection":[{"href":"https:\/\/surec.com\/index.php?rest_route=\/wp\/v2\/pages"}],"about":[{"href":"https:\/\/surec.com\/index.php?rest_route=\/wp\/v2\/types\/page"}],"author":[{"embeddable":true,"href":"https:\/\/surec.com\/index.php?rest_route=\/wp\/v2\/users\/1"}],"replies":[{"embeddable":true,"href":"https:\/\/surec.com\/index.php?rest_route=%2Fwp%2Fv2%2Fcomments&post=2941"}],"version-history":[{"count":8,"href":"https:\/\/surec.com\/index.php?rest_route=\/wp\/v2\/pages\/2941\/revisions"}],"predecessor-version":[{"id":3195,"href":"https:\/\/surec.com\/index.php?rest_route=\/wp\/v2\/pages\/2941\/revisions\/3195"}],"wp:attachment":[{"href":"https:\/\/surec.com\/index.php?rest_route=%2Fwp%2Fv2%2Fmedia&parent=2941"}],"curies":[{"name":"wp","href":"https:\/\/api.w.org\/{rel}","templated":true}]}}