{"id":2927,"date":"2014-07-15T19:01:40","date_gmt":"2014-07-15T16:01:40","guid":{"rendered":"http:\/\/surec.com\/?page_id=2927"},"modified":"2014-09-21T09:50:42","modified_gmt":"2014-09-21T06:50:42","slug":"home-5-2","status":"publish","type":"page","link":"https:\/\/surec.com\/","title":{"rendered":"AnaSayfa"},"content":{"rendered":"<div class=\"section clearfix\"> <div class=\"spacer\" style=\"height:20px;\"><\/div> <div class=\"col-3 no-margin\"><\/div> <h4 class=\"focus-heading\"><\/h4>\n<div class=\"col-12\"><\/div><div class=\"col-3\"><a href=\"http:\/\/surec.com\/?page_id=2958\"><h6 class=\"no-margin\"><span class=\"icon-picture\" style=\"font-size:1.7em; color:#; display:inline-block; width:30px;\"><\/span>S\u00fcre\u00e7 Y\u00f6netimi Kurulumu Dan\u0131\u015fmanl\u0131\u011f\u0131<\/h6><\/a><p>\n<p>Giderek artan k\u00fcreselle\u015fme ve rekabet, kurulu\u015flar\u0131n d\u00fcnden daha iyi halde olmalar\u0131n\u0131 zorunluluk haline getirmektedir. Kurulu\u015f pazarlamadan sat\u0131\u015fa, \u00fcretimden stok y\u00f6netimine, yeni \u00fcr\u00fcn geli\u015ftirmeden m\u00fc\u015fteri \u015fikayetlerine cevap vermeye&#8230;<\/p>\n<\/p><\/div><div class=\"col-3\"><a href=\"http:\/\/surec.com\/?page_id=2941\"><h6 class=\"no-margin\"><span class=\"icon-briefcase\" style=\"font-size:1.7em; color:#; display:inline-block; width:30px;\"><\/span>S\u00fcre\u00e7lerle Y\u00f6netim<\/h6><\/a><p>\n<p>Varl\u0131klar\u0131n\u0131 s\u00fcrd\u00fcrebilmeleri i\u00e7in kurulu\u015flar\u0131n, i\u015f yapma bi\u00e7imlerini yeniden g\u00f6zden ge\u00e7irmelerine, kendilerini rekabette koruyacak ve \u00f6ne ge\u00e7irecek, karl\u0131l\u0131\u011f\u0131n\u0131 s\u00fcrd\u00fcrecek etkin ve verimli y\u00f6netim bi\u00e7imlerine ihtiya\u00e7lar\u0131 vard\u0131r.<\/p>\n<\/p><\/div><div class=\"col-3\"><a href=\"http:\/\/surec.com\/?page_id=2946\"><h6 class=\"no-margin\"><span class=\"icon-picture\" style=\"font-size:1.7em; color:#; display:inline-block; width:30px;\"><\/span>Verimli Bir Kurumsal Yap\u0131n\u0131n Olu\u015fturulmas\u0131 ve S\u00fcrd\u00fcr\u00fclmesi<\/h6><\/a><p>\n<p>Verimli ve etkili bir y\u00f6netim yap\u0131s\u0131na sahip olarak rekabette \u00f6nde olmak ve \u015firket varl\u0131\u011f\u0131n\u0131 daha iyi noktalara ta\u015f\u0131yarak s\u00fcrd\u00fcrmek vizyonuna sahip olan kurulu\u015flar belli konulara odaklanmak ve bu alanlara emek vermek durumundalar.<\/p>\n<\/p><\/div><div class=\"col-3 last-column\"><a href=\"http:\/\/surec.com\/?page_id=2948\"><h6 class=\"no-margin\"><span class=\"icon-bar-chart\" style=\"font-size:1.7em; color:#; display:inline-block; width:30px;\"><\/span>S\u00fcre\u00e7 \u0130yile\u015ftirme<\/h6><\/a><p>\n<p>G\u00fcn\u00fcm\u00fcz\u00fcn b\u00fcy\u00fck bir h\u0131zla de\u011fi\u015fen d\u00fcnyas\u0131nda y\u00f6netim bi\u00e7imleri de ayn\u0131 h\u0131zla de\u011fi\u015fmektedir. Y\u00fczy\u0131l\u0131n ba\u015f\u0131ndan bu yana kullan\u0131lan ve kullan\u0131ld\u0131klar\u0131 d\u00f6nemde i\u015fe yarayan y\u00f6ntemler art\u0131k etkinliklerini kaybetmi\u015f bulunmaktad\u0131rlar.<\/p>\n<div class=\"section clearfix\"><\/div> <div class=\"spacer\" style=\"height:20px;\"><\/div> <div class=\"col-3 no-margin\"><\/div> <h4 class=\"focus-heading\"><\/h4>\n<\/p><\/div><div class=\"col-3 no-margin\"><a href=\"http:\/\/surec.com\/?page_id=2954\"><h6 class=\"no-margin\"><span class=\"icon-briefcase\" style=\"font-size:1.7em; color:#; display:inline-block; width:30px;\"><\/span>S\u00fcre\u00e7 Y\u00f6netimi Olu\u015fturma \u201cYaz\u0131l\u0131m+Dan\u0131\u015fmanl\u0131k+E\u011fitim\u201d Paketi<\/h6><\/a><p>\n<p>S\u00fcre\u00e7 y\u00f6netimi olu\u015fturma dan\u0131\u015fmanl\u0131k paketi, sekt\u00f6r\u00fc ve b\u00fcy\u00fckl\u00fc\u011f\u00fc ne olursa olsun, t\u00fcm \u015firketler i\u00e7in uygulanabilecek bir yap\u0131dad\u0131r.<\/p>\n<\/p><\/div><div class=\"col-3 no-margin\"><a href=\"http:\/\/surec.com\/?page_id=2872\"><h6 class=\"no-margin\"><span class=\"icon-eye-open\" style=\"font-size:1.7em; color:#; display:inline-block; width:30px;\"><\/span>\u0130\u015f S\u00fcre\u00e7lerinin Y\u00f6netimi<\/h6><\/a><p>\n<p>\u0130\u015f s\u00fcre\u00e7leri Y\u00f6netimi TDK \u2018a g\u00f6re i\u015f: \u201cBir sonu\u00e7 elde etmek, herhangi bir \u015fey ortaya koymak i\u00e7in g\u00fc\u00e7 harcayarak yap\u0131lan etkinlik, \u00e7al\u0131\u015fma\u201d olarak tan\u0131mlanmaktad\u0131r. Ayn\u0131 \u015fekilde TDK\u2019a g\u00f6re s\u00fcre\u00e7 : \u201cAralar\u0131nda birlik olan veya belli bir d\u00fczen veya zaman i\u00e7inde tekrarlanan, ilerleyen, geli\u015fen olay ve hareketler dizisi\u201d olarak tan\u0131mlanmaktad\u0131r.<\/p>\n<\/p><\/div><div class=\"col-3 no-margin\"><a href=\"http:\/\/surec.com\/?page_id=2950\"><h6 class=\"no-margin\"><span class=\"icon-bullhorn\" style=\"font-size:1.7em; color:#; display:inline-block; width:30px;\"><\/span>S\u00fcre\u00e7 Analizi ve \u0130yile\u015ftirme Hizmeti<\/h6><\/a><p>\n<p>Daha iyi i\u015f yapmak istiyorsan\u0131z s\u00fcre\u00e7lerinizi g\u00f6zden ge\u00e7irmek zorundas\u0131n\u0131z.<\/p>\n<p>S\u00fcre\u00e7lerin g\u00f6zden ge\u00e7irilmesi, size mevcut durumla ilgili \u00e7ok de\u011ferli bilgiler sa\u011flayacakt\u0131r. Bununla birlikte s\u00fcre\u00e7leri sadece g\u00f6zden ge\u00e7irmek de yetmeyecektir.<\/p>\n<\/p><\/div><div class=\"col-3 last-column no-margin\"><a href=\"http:\/\/surec.com\/?page_id=2952\"><h6 class=\"no-margin\"><span class=\"icon-cogs\" style=\"font-size:1.7em; color:#; display:inline-block; width:30px;\"><\/span>S\u00fcre\u00e7 Performans \u00d6l\u00e7\u00fcm\u00fc<\/h6><\/a><p>\n<p>\u201c\u00d6l\u00e7emezseniz y\u00f6netemezsiniz\u201d Peter Drucker<\/p>\n<p>S\u00fcre\u00e7lerin belirlenmesinin ard\u0131ndan, bu s\u00fcre\u00e7leri iyile\u015ftirmek amac\u0131yla, ger\u00e7ek\u00e7i ve \u00f6l\u00e7\u00fclebilir performans \u00f6l\u00e7\u00fcm kriterleri olu\u015fturulmal\u0131d\u0131r.<\/p>\n<\/p><\/div> <\/div> <div class=\"separator\"><\/div> <div class=\"section clearfix\"> <div class=\"col-3 no-margin\"> <h4 class=\"focus-heading\">QPR<\/h4> \u0130\u015f s\u00fcre\u00e7lerinizi daha iyi y\u00f6netebilmeniz i\u00e7in kulland\u0131\u011f\u0131m\u0131z QPR ile ilgili baz\u0131 videolar\u0131 inceleyebilirsiniz.<a href=\"http:\/\/surec.com\/?page_id=588 \" class=\"read-more-button\">Daha fazlas\u0131 i\u00e7in&#8230;<span class=\"arrow-in-button\"><\/span><\/a> <\/div> <!-- START .portfolio-wrapper --><div class=\"portfolio-wrapper clearfix\"><!-- START #portfolio-container-sec --><div id=\"portfolio-container-sec\" class=\"clearfix\"><div class=\"col-3 from-the-portfolio-sec branding illustration\"><a href=\"https:\/\/surec.com\/?portfolio=qpr-scorecard-management\" class=\"from-the-portfolio-sec-header\" rel=\"portfolio_14642\"><iframe src=\"\/\/player.vimeo.com\/video\/98923570\" frameborder=\"0\" webkitAllowFullScreen mozallowfullscreen allowFullScreen><\/iframe><\/a><div class=\"from-the-portfolio-sec-text clearfix\"><span class=\"arrow-cropper\">\u00e3<\/span><a href=\"https:\/\/surec.com\/?portfolio=qpr-scorecard-management\">QPR Metrics<span class=\"arrow-in-button\"><\/span><\/a><ul class=\"from-the-portfolio-sec-meta\"><li class=\"like-count-sec\"><a href=\"#\" title=\"Like QPR Metrics\" id=\"like-3118\" class=\"like-button\"><span class=\"icon\"><\/span>0<\/a><\/li><\/ul><\/div><\/div><div class=\"col-3 from-the-portfolio-sec branding illustration\"><a href=\"https:\/\/surec.com\/?portfolio=qpr-processanalyzer\" class=\"from-the-portfolio-sec-header\" rel=\"portfolio_14642\"><iframe src=\"\/\/player.vimeo.com\/video\/60234271\" frameborder=\"0\" webkitAllowFullScreen mozallowfullscreen allowFullScreen><\/iframe><\/a><div class=\"from-the-portfolio-sec-text clearfix\"><span class=\"arrow-cropper\">\u00e3<\/span><a href=\"https:\/\/surec.com\/?portfolio=qpr-processanalyzer\">QPR ProcessAnalyzer<span class=\"arrow-in-button\"><\/span><\/a><ul class=\"from-the-portfolio-sec-meta\"><li class=\"like-count-sec\"><a href=\"#\" title=\"Like QPR ProcessAnalyzer\" id=\"like-3112\" class=\"like-button\"><span class=\"icon\"><\/span>0<\/a><\/li><\/ul><\/div><\/div><div class=\"col-3 from-the-portfolio-sec branding illustration\"><a href=\"https:\/\/surec.com\/?portfolio=qpr-processdesigner\" class=\"from-the-portfolio-sec-header\" rel=\"portfolio_14642\"><iframe src=\"\/\/player.vimeo.com\/video\/99330708\" frameborder=\"0\" webkitAllowFullScreen mozallowfullscreen allowFullScreen><\/iframe><\/a><div class=\"from-the-portfolio-sec-text clearfix\"><span class=\"arrow-cropper\">\u00e3<\/span><a href=\"https:\/\/surec.com\/?portfolio=qpr-processdesigner\">QPR ProcessDesigner<span class=\"arrow-in-button\"><\/span><\/a><ul class=\"from-the-portfolio-sec-meta\"><li class=\"like-count-sec\"><a href=\"#\" title=\"Like QPR ProcessDesigner\" id=\"like-3110\" class=\"like-button\"><span class=\"icon\"><\/span>0<\/a><\/li><\/ul><\/div><\/div><\/div><!-- END #portfolio-container-sec --><\/div><!-- END .portfolio-wrapper --> <\/div>\n<pre class=\"alt2\" dir=\"ltr\" style=\"color: #000000;\"><\/pre>\n","protected":false},"excerpt":{"rendered":"","protected":false},"author":1,"featured_media":0,"parent":0,"menu_order":0,"comment_status":"closed","ping_status":"closed","template":"","meta":{"jetpack_post_was_ever_published":false,"footnotes":""},"class_list":["post-2927","page","type-page","status-publish","hentry"],"jetpack_sharing_enabled":true,"jetpack_shortlink":"https:\/\/wp.me\/P4Bhh4-Ld","jetpack-related-posts":[],"_links":{"self":[{"href":"https:\/\/surec.com\/index.php?rest_route=\/wp\/v2\/pages\/2927","targetHints":{"allow":["GET"]}}],"collection":[{"href":"https:\/\/surec.com\/index.php?rest_route=\/wp\/v2\/pages"}],"about":[{"href":"https:\/\/surec.com\/index.php?rest_route=\/wp\/v2\/types\/page"}],"author":[{"embeddable":true,"href":"https:\/\/surec.com\/index.php?rest_route=\/wp\/v2\/users\/1"}],"replies":[{"embeddable":true,"href":"https:\/\/surec.com\/index.php?rest_route=%2Fwp%2Fv2%2Fcomments&post=2927"}],"version-history":[{"count":102,"href":"https:\/\/surec.com\/index.php?rest_route=\/wp\/v2\/pages\/2927\/revisions"}],"predecessor-version":[{"id":4211,"href":"https:\/\/surec.com\/index.php?rest_route=\/wp\/v2\/pages\/2927\/revisions\/4211"}],"wp:attachment":[{"href":"https:\/\/surec.com\/index.php?rest_route=%2Fwp%2Fv2%2Fmedia&parent=2927"}],"curies":[{"name":"wp","href":"https:\/\/api.w.org\/{rel}","templated":true}]}}