{"id":2914,"date":"2014-07-15T13:51:10","date_gmt":"2014-07-15T10:51:10","guid":{"rendered":"http:\/\/surec.com\/?page_id=2914"},"modified":"2014-08-14T17:09:13","modified_gmt":"2014-08-14T14:09:13","slug":"is-ilkelerimiz","status":"publish","type":"page","link":"https:\/\/surec.com\/?page_id=2914","title":{"rendered":"\u0130\u015f \u0130lkelerimiz"},"content":{"rendered":"<div style=\"text-align: left;\"><span style=\"font-size: 12pt;\"><strong>\u0130\u015f \u0130lkelerimiz \u00a0<\/strong><\/span><\/div>\n<div><\/div>\n<div>M\u00fc\u015fterilerimize y\u00fcksek seviyede hizmet kalitesi ve etkin destek sa\u011flayabilmek ve de\u011fi\u015fim y\u00f6netimlerine katk\u0131da <a href=\"http:\/\/surec.com\/wp-content\/uploads\/2014\/07\/Anahtar.jpg\"><img loading=\"lazy\" decoding=\"async\" class=\" wp-image-3243 alignright\" src=\"http:\/\/surec.com\/wp-content\/uploads\/2014\/07\/Anahtar-262x300.jpg\" alt=\"Anahtar\" width=\"168\" height=\"192\" srcset=\"https:\/\/surec.com\/wp-content\/uploads\/2014\/07\/Anahtar-262x300.jpg 262w, https:\/\/surec.com\/wp-content\/uploads\/2014\/07\/Anahtar.jpg 525w\" sizes=\"auto, (max-width: 168px) 100vw, 168px\" \/><\/a>bulunmak i\u00e7in kalite politikam\u0131z do\u011frultusunda i\u015f ilkelerimizi ya\u015fama ge\u00e7iriyoruz:<\/div>\n<p>M\u00fc\u015fteri odakl\u0131 yakla\u015f\u0131m,<br \/>\nM\u00fc\u015fterinin ger\u00e7ek ihtiya\u00e7lar\u0131na y\u00f6nelik \u00e7\u00f6z\u00fcmler sunmak,<br \/>\nM\u00fc\u015fteri haklar\u0131 ve bilgilerinin gizlili\u011fine \u00f6zen g\u00f6stermek,<br \/>\nD\u00fcnyadaki geli\u015fmeleri yak\u0131ndan izlemek,<br \/>\nBilgi ve deneyimleri payla\u015farak sinerji \u00fcretmek,<br \/>\nKar\u015f\u0131l\u0131kl\u0131 g\u00fcvene dayal\u0131 ve uzun vadeli i\u015f birli\u011fini s\u00fcrd\u00fcrmek.<\/p>\n","protected":false},"excerpt":{"rendered":"<p>\u0130\u015f \u0130lkelerimiz \u00a0 M\u00fc\u015fterilerimize y\u00fcksek seviyede hizmet kalitesi ve etkin destek sa\u011flayabilmek ve de\u011fi\u015fim y\u00f6netimlerine katk\u0131da bulunmak i\u00e7in kalite politikam\u0131z do\u011frultusunda i\u015f ilkelerimizi ya\u015fama ge\u00e7iriyoruz: M\u00fc\u015fteri odakl\u0131 yakla\u015f\u0131m, M\u00fc\u015fterinin ger\u00e7ek ihtiya\u00e7lar\u0131na y\u00f6nelik \u00e7\u00f6z\u00fcmler sunmak, M\u00fc\u015fteri haklar\u0131 ve bilgilerinin gizlili\u011fine \u00f6zen [&hellip;]<\/p>\n","protected":false},"author":1,"featured_media":0,"parent":0,"menu_order":0,"comment_status":"closed","ping_status":"closed","template":"","meta":{"jetpack_post_was_ever_published":false,"footnotes":""},"class_list":["post-2914","page","type-page","status-publish","hentry"],"jetpack_sharing_enabled":true,"jetpack_shortlink":"https:\/\/wp.me\/P4Bhh4-L0","jetpack-related-posts":[],"_links":{"self":[{"href":"https:\/\/surec.com\/index.php?rest_route=\/wp\/v2\/pages\/2914","targetHints":{"allow":["GET"]}}],"collection":[{"href":"https:\/\/surec.com\/index.php?rest_route=\/wp\/v2\/pages"}],"about":[{"href":"https:\/\/surec.com\/index.php?rest_route=\/wp\/v2\/types\/page"}],"author":[{"embeddable":true,"href":"https:\/\/surec.com\/index.php?rest_route=\/wp\/v2\/users\/1"}],"replies":[{"embeddable":true,"href":"https:\/\/surec.com\/index.php?rest_route=%2Fwp%2Fv2%2Fcomments&post=2914"}],"version-history":[{"count":4,"href":"https:\/\/surec.com\/index.php?rest_route=\/wp\/v2\/pages\/2914\/revisions"}],"predecessor-version":[{"id":3245,"href":"https:\/\/surec.com\/index.php?rest_route=\/wp\/v2\/pages\/2914\/revisions\/3245"}],"wp:attachment":[{"href":"https:\/\/surec.com\/index.php?rest_route=%2Fwp%2Fv2%2Fmedia&parent=2914"}],"curies":[{"name":"wp","href":"https:\/\/api.w.org\/{rel}","templated":true}]}}