{"id":2904,"date":"2014-07-15T12:10:35","date_gmt":"2014-07-15T09:10:35","guid":{"rendered":"http:\/\/surec.com\/?page_id=2904"},"modified":"2014-08-14T17:09:13","modified_gmt":"2014-08-14T14:09:13","slug":"vizyonumuz","status":"publish","type":"page","link":"https:\/\/surec.com\/?page_id=2904","title":{"rendered":"Vizyonumuz"},"content":{"rendered":"<div style=\"color: #000000;\"><b>Vizyonumuz<\/b><\/div>\n<div style=\"color: #000000;\"><\/div>\n<div style=\"color: #000000;\" align=\"justify\"><span style=\"font-size: small;\">Bili\u015fim destekli y\u00f6netim dan\u0131\u015fmanl\u0131\u011f\u0131 ile y\u00f6netimde bili\u015fim teknolojisini \u00a0\u00a0<a href=\"http:\/\/surec.com\/wp-content\/uploads\/2014\/07\/stick_figure_look_point_on_cliff_anim_300_wht.gif\"><img loading=\"lazy\" decoding=\"async\" class=\"wp-image-3234 alignright\" src=\"http:\/\/surec.com\/wp-content\/uploads\/2014\/07\/stick_figure_look_point_on_cliff_anim_300_wht.gif\" alt=\"stick_figure_look_point_on_cliff_anim_300_wht\" width=\"114\" height=\"145\" \/><\/a><\/span><\/div>\n<div style=\"color: #000000;\" align=\"justify\"><span style=\"font-size: small;\">kullanma oran\u0131n\u0131 art\u0131rarak m\u00fc\u015fterilerimize sa\u011flad\u0131\u011f\u0131m\u0131z katma de\u011ferlerle <\/span><\/div>\n<div style=\"color: #000000;\" align=\"justify\"><span style=\"font-size: small;\">\u00fclkemizde \u00f6rnek ve \u00f6nc\u00fc dan\u0131\u015fman kurulu\u015f olmak.<\/span><\/div>\n","protected":false},"excerpt":{"rendered":"<p>Vizyonumuz Bili\u015fim destekli y\u00f6netim dan\u0131\u015fmanl\u0131\u011f\u0131 ile y\u00f6netimde bili\u015fim teknolojisini \u00a0\u00a0 kullanma oran\u0131n\u0131 art\u0131rarak m\u00fc\u015fterilerimize sa\u011flad\u0131\u011f\u0131m\u0131z katma de\u011ferlerle \u00fclkemizde \u00f6rnek ve \u00f6nc\u00fc dan\u0131\u015fman kurulu\u015f olmak.<\/p>\n","protected":false},"author":1,"featured_media":0,"parent":0,"menu_order":0,"comment_status":"closed","ping_status":"open","template":"","meta":{"jetpack_post_was_ever_published":false,"footnotes":""},"class_list":["post-2904","page","type-page","status-publish","hentry"],"jetpack_sharing_enabled":true,"jetpack_shortlink":"https:\/\/wp.me\/P4Bhh4-KQ","jetpack-related-posts":[],"_links":{"self":[{"href":"https:\/\/surec.com\/index.php?rest_route=\/wp\/v2\/pages\/2904","targetHints":{"allow":["GET"]}}],"collection":[{"href":"https:\/\/surec.com\/index.php?rest_route=\/wp\/v2\/pages"}],"about":[{"href":"https:\/\/surec.com\/index.php?rest_route=\/wp\/v2\/types\/page"}],"author":[{"embeddable":true,"href":"https:\/\/surec.com\/index.php?rest_route=\/wp\/v2\/users\/1"}],"replies":[{"embeddable":true,"href":"https:\/\/surec.com\/index.php?rest_route=%2Fwp%2Fv2%2Fcomments&post=2904"}],"version-history":[{"count":5,"href":"https:\/\/surec.com\/index.php?rest_route=\/wp\/v2\/pages\/2904\/revisions"}],"predecessor-version":[{"id":3236,"href":"https:\/\/surec.com\/index.php?rest_route=\/wp\/v2\/pages\/2904\/revisions\/3236"}],"wp:attachment":[{"href":"https:\/\/surec.com\/index.php?rest_route=%2Fwp%2Fv2%2Fmedia&parent=2904"}],"curies":[{"name":"wp","href":"https:\/\/api.w.org\/{rel}","templated":true}]}}