{"id":2900,"date":"2014-07-15T11:55:47","date_gmt":"2014-07-15T08:55:47","guid":{"rendered":"http:\/\/surec.com\/?page_id=2900"},"modified":"2014-08-14T17:09:13","modified_gmt":"2014-08-14T14:09:13","slug":"misyonumuz","status":"publish","type":"page","link":"https:\/\/surec.com\/?page_id=2900","title":{"rendered":"Misyonumuz"},"content":{"rendered":"<p style=\"color: #000000;\"><strong><a href=\"http:\/\/surec.com\/wp-content\/uploads\/2012\/10\/hands.jpg\"><img loading=\"lazy\" decoding=\"async\" class=\"aligncenter size-medium wp-image-1661\" src=\"http:\/\/surec.com\/wp-content\/uploads\/2012\/10\/hands-300x143.jpg\" alt=\"hands\" width=\"300\" height=\"143\" srcset=\"https:\/\/surec.com\/wp-content\/uploads\/2012\/10\/hands-300x143.jpg 300w, https:\/\/surec.com\/wp-content\/uploads\/2012\/10\/hands.jpg 940w\" sizes=\"auto, (max-width: 300px) 100vw, 300px\" \/><\/a>Misyonumuz<\/strong><\/p>\n<div style=\"color: #000000;\" align=\"justify\"><span style=\"font-size: small;\">Kalite Sistem Dan\u0131\u015fmanl\u0131k, m\u00fc\u015fterilerinin y\u00f6netim kalitesini geli\u015ftirmeye y\u00f6nelik nitelikli hizmetler sunmak i\u00e7in vard\u0131r. Bu ama\u00e7la D\u00fcnya\u2019da y\u00f6netim alan\u0131nda ba\u015far\u0131 kazanm\u0131\u015f uygulamalar\u0131n ve yayg\u0131n olarak kullan\u0131lan bili\u015fim teknolojilerinin \u00fclkemizdeki kurulu\u015flarda da yayg\u0131nla\u015fmas\u0131n\u0131 sa\u011flayarak m\u00fc\u015fterilerinin rekabet kabiliyetlerini geli\u015ftirmelerine katk\u0131 sa\u011flayacak hizmetler sunar.<\/span><\/div>\n","protected":false},"excerpt":{"rendered":"<p>Misyonumuz Kalite Sistem Dan\u0131\u015fmanl\u0131k, m\u00fc\u015fterilerinin y\u00f6netim kalitesini geli\u015ftirmeye y\u00f6nelik nitelikli hizmetler sunmak i\u00e7in vard\u0131r. Bu ama\u00e7la D\u00fcnya\u2019da y\u00f6netim alan\u0131nda ba\u015far\u0131 kazanm\u0131\u015f uygulamalar\u0131n ve yayg\u0131n olarak kullan\u0131lan bili\u015fim teknolojilerinin \u00fclkemizdeki kurulu\u015flarda da yayg\u0131nla\u015fmas\u0131n\u0131 sa\u011flayarak m\u00fc\u015fterilerinin rekabet kabiliyetlerini geli\u015ftirmelerine katk\u0131 sa\u011flayacak hizmetler [&hellip;]<\/p>\n","protected":false},"author":1,"featured_media":0,"parent":0,"menu_order":0,"comment_status":"closed","ping_status":"closed","template":"","meta":{"jetpack_post_was_ever_published":false,"footnotes":""},"class_list":["post-2900","page","type-page","status-publish","hentry"],"jetpack_sharing_enabled":true,"jetpack_shortlink":"https:\/\/wp.me\/P4Bhh4-KM","jetpack-related-posts":[],"_links":{"self":[{"href":"https:\/\/surec.com\/index.php?rest_route=\/wp\/v2\/pages\/2900","targetHints":{"allow":["GET"]}}],"collection":[{"href":"https:\/\/surec.com\/index.php?rest_route=\/wp\/v2\/pages"}],"about":[{"href":"https:\/\/surec.com\/index.php?rest_route=\/wp\/v2\/types\/page"}],"author":[{"embeddable":true,"href":"https:\/\/surec.com\/index.php?rest_route=\/wp\/v2\/users\/1"}],"replies":[{"embeddable":true,"href":"https:\/\/surec.com\/index.php?rest_route=%2Fwp%2Fv2%2Fcomments&post=2900"}],"version-history":[{"count":2,"href":"https:\/\/surec.com\/index.php?rest_route=\/wp\/v2\/pages\/2900\/revisions"}],"predecessor-version":[{"id":2902,"href":"https:\/\/surec.com\/index.php?rest_route=\/wp\/v2\/pages\/2900\/revisions\/2902"}],"wp:attachment":[{"href":"https:\/\/surec.com\/index.php?rest_route=%2Fwp%2Fv2%2Fmedia&parent=2900"}],"curies":[{"name":"wp","href":"https:\/\/api.w.org\/{rel}","templated":true}]}}