{"id":2872,"date":"2014-07-13T23:19:29","date_gmt":"2014-07-13T20:19:29","guid":{"rendered":"http:\/\/surec.com\/?page_id=2872"},"modified":"2014-08-14T17:09:13","modified_gmt":"2014-08-14T14:09:13","slug":"4-is-sureclerinin-yonetimi","status":"publish","type":"page","link":"https:\/\/surec.com\/?page_id=2872","title":{"rendered":"\u0130\u015f S\u00fcre\u00e7lerinin Y\u00f6netimi"},"content":{"rendered":"<p><span style=\"font-size: 12pt;\"><strong>\u0130\u015f S\u00fcre\u00e7lerinin Y\u00f6netimi<\/strong><\/span><\/p>\n<p>\u0130\u015f s\u00fcre\u00e7leri Y\u00f6netimi T\u00fcrk Dil Kurumuna (TDK) \u00a0g\u00f6re i\u015f: \u201cBir sonu\u00e7 elde etmek, herhangi bir \u015fey ortaya koymak i\u00e7in <a href=\"http:\/\/surec.com\/wp-content\/uploads\/2014\/07\/team_turning_gear_anim_300_wht.gif\"><img loading=\"lazy\" decoding=\"async\" class=\"size-full wp-image-3209 alignright\" src=\"http:\/\/surec.com\/wp-content\/uploads\/2014\/07\/team_turning_gear_anim_300_wht.gif\" alt=\"team_turning_gear_anim_300_wht\" width=\"300\" height=\"300\" \/><\/a>g\u00fc\u00e7 harcayarak yap\u0131lan etkinlik, \u00e7al\u0131\u015fma\u201d olarak tan\u0131mlanmaktad\u0131r. Ayn\u0131 \u015fekilde TDK\u2019 ya g\u00f6re s\u00fcre\u00e7: \u201cAralar\u0131nda birlik olan veya belli bir d\u00fczen veya zaman i\u00e7inde tekrarlanan, ilerleyen, geli\u015fen olay ve hareketler dizisi\u201d olarak tan\u0131mlanmaktad\u0131r.<\/p>\n<p>Bu tan\u0131mlardan hareket etti\u011fimizde i\u015f s\u00fcreci \u201c kurulu\u015f amac\u0131n\u0131 ger\u00e7ekle\u015ftirmeye y\u00f6nelik olarak, bir ba\u015fka deyi\u015fle i\u015fle ilgili planlan sonu\u00e7lar\u0131 elde etmek i\u00e7in belli bir sistem i\u00e7inde tekrarlanan, s\u00fcregelen faaliyetler dizisi olarak tan\u0131mlanabilir. Bir kurulu\u015f i\u00e7in i\u015f s\u00fcre\u00e7leri y\u00f6netimi, i\u00e7 s\u00fcre\u00e7lerinin belirlenmesi, s\u00fcre\u00e7ler ve s\u00fcre\u00e7 ad\u0131mlar\u0131 ile ilgili t\u00fcm ili\u015fkilerin tan\u0131mlanmas\u0131, s\u00fcre\u00e7lerle ilgili t\u00fcm bilgi ve dok\u00fcmanlar\u0131n i\u015fin i\u00e7inde olan \u00e7al\u0131\u015fanlarla payla\u015f\u0131lmas\u0131, s\u00fcre\u00e7le ilgili bilgilerin g\u00fcncel tutulmas\u0131 ve kolayl\u0131kla ula\u015f\u0131m\u0131n\u0131n sa\u011flanarak uygulanmas\u0131 ve kurulu\u015fun ama\u00e7lar\u0131na uygun olarak s\u00fcrekli olarak iyile\u015ftirilmesidir.<\/p>\n<p>Bu ama\u00e7la kurulu\u015fun stratejik ama\u00e7lar\u0131na uygun olarak i\u015f s\u00fcre\u00e7leri modellerinin olu\u015fturulmas\u0131, istenen sonu\u00e7lara ula\u015fmak amac\u0131yla bir sistem yakla\u015f\u0131m\u0131 i\u00e7inde uygulanmas\u0131, verimlilik ve rekabet a\u00e7\u0131s\u0131ndan s\u00fcrekli olarak iyile\u015ftirilmesi olarak k\u0131saca \u00f6zetlenebilir. Bir kurulu\u015f i\u00e7in i\u015f ne kadar \u00f6nemli ise i\u015fin nas\u0131l yap\u0131laca\u011f\u0131 konusunda analizler yapmak, iyile\u015ftirmek, etkililik ve verimlili\u011fi art\u0131rmaya \u00e7al\u0131\u015fmakla ilgilenen i\u015f s\u00fcre\u00e7leri y\u00f6netimi de do\u011fal olarak o denli \u00f6nemlidir.<\/p>\n","protected":false},"excerpt":{"rendered":"<p>\u0130\u015f S\u00fcre\u00e7lerinin Y\u00f6netimi \u0130\u015f s\u00fcre\u00e7leri Y\u00f6netimi T\u00fcrk Dil Kurumuna (TDK) \u00a0g\u00f6re i\u015f: \u201cBir sonu\u00e7 elde etmek, herhangi bir \u015fey ortaya koymak i\u00e7in g\u00fc\u00e7 harcayarak yap\u0131lan etkinlik, \u00e7al\u0131\u015fma\u201d olarak tan\u0131mlanmaktad\u0131r. Ayn\u0131 \u015fekilde TDK\u2019 ya g\u00f6re s\u00fcre\u00e7: \u201cAralar\u0131nda birlik olan veya belli [&hellip;]<\/p>\n","protected":false},"author":1,"featured_media":0,"parent":0,"menu_order":0,"comment_status":"closed","ping_status":"closed","template":"","meta":{"footnotes":""},"class_list":["post-2872","page","type-page","status-publish","hentry"],"jetpack_sharing_enabled":true,"jetpack_shortlink":"https:\/\/wp.me\/P4Bhh4-Kk","jetpack-related-posts":[],"_links":{"self":[{"href":"https:\/\/surec.com\/index.php?rest_route=\/wp\/v2\/pages\/2872","targetHints":{"allow":["GET"]}}],"collection":[{"href":"https:\/\/surec.com\/index.php?rest_route=\/wp\/v2\/pages"}],"about":[{"href":"https:\/\/surec.com\/index.php?rest_route=\/wp\/v2\/types\/page"}],"author":[{"embeddable":true,"href":"https:\/\/surec.com\/index.php?rest_route=\/wp\/v2\/users\/1"}],"replies":[{"embeddable":true,"href":"https:\/\/surec.com\/index.php?rest_route=%2Fwp%2Fv2%2Fcomments&post=2872"}],"version-history":[{"count":14,"href":"https:\/\/surec.com\/index.php?rest_route=\/wp\/v2\/pages\/2872\/revisions"}],"predecessor-version":[{"id":3210,"href":"https:\/\/surec.com\/index.php?rest_route=\/wp\/v2\/pages\/2872\/revisions\/3210"}],"wp:attachment":[{"href":"https:\/\/surec.com\/index.php?rest_route=%2Fwp%2Fv2%2Fmedia&parent=2872"}],"curies":[{"name":"wp","href":"https:\/\/api.w.org\/{rel}","templated":true}]}}